{"id":2777,"date":"2025-06-28T18:12:42","date_gmt":"2025-06-28T21:12:42","guid":{"rendered":"https:\/\/coemaltda.com.ar\/?page_id=2777"},"modified":"2025-06-29T10:25:06","modified_gmt":"2025-06-29T13:25:06","slug":"preguntas-frecuentes","status":"publish","type":"page","link":"https:\/\/coemaltda.com.ar\/index.php\/preguntas-frecuentes\/","title":{"rendered":"preguntas frecuentes"},"content":{"rendered":"\t\t<div data-elementor-type=\"wp-page\" data-elementor-id=\"2777\" class=\"elementor elementor-2777\">\n\t\t\t\t\t\t<section class=\"elementor-section elementor-top-section elementor-element elementor-element-19fc3e0 elementor-section-boxed elementor-section-height-default elementor-section-height-default\" data-id=\"19fc3e0\" data-element_type=\"section\">\n\t\t\t\t\t\t<div class=\"elementor-container elementor-column-gap-default\">\n\t\t\t\t\t<div class=\"elementor-column elementor-col-100 elementor-top-column elementor-element elementor-element-6390d78\" data-id=\"6390d78\" data-element_type=\"column\">\n\t\t\t<div class=\"elementor-widget-wrap elementor-element-populated\">\n\t\t\t\t\t\t<div class=\"elementor-element elementor-element-749f741 elementor-widget elementor-widget-heading\" data-id=\"749f741\" data-element_type=\"widget\" data-widget_type=\"heading.default\">\n\t\t\t\t<div class=\"elementor-widget-container\">\n\t\t\t\t\t<h2 class=\"elementor-heading-title elementor-size-default\">Preguntas frecuentes<\/h2>\t\t\t\t<\/div>\n\t\t\t\t<\/div>\n\t\t\t\t\t<\/div>\n\t\t<\/div>\n\t\t\t\t\t<\/div>\n\t\t<\/section>\n\t\t\t\t<section class=\"elementor-section elementor-top-section elementor-element elementor-element-8bb7bda elementor-section-boxed elementor-section-height-default elementor-section-height-default\" data-id=\"8bb7bda\" data-element_type=\"section\">\n\t\t\t\t\t\t<div class=\"elementor-container elementor-column-gap-default\">\n\t\t\t\t\t<div class=\"elementor-column elementor-col-100 elementor-top-column elementor-element elementor-element-cec253c\" data-id=\"cec253c\" data-element_type=\"column\">\n\t\t\t<div class=\"elementor-widget-wrap\">\n\t\t\t\t\t\t\t<\/div>\n\t\t<\/div>\n\t\t\t\t\t<\/div>\n\t\t<\/section>\n\t\t\t\t<section class=\"elementor-section elementor-top-section elementor-element elementor-element-e07a32b elementor-section-boxed elementor-section-height-default elementor-section-height-default\" data-id=\"e07a32b\" data-element_type=\"section\" data-settings=\"{&quot;background_background&quot;:&quot;classic&quot;}\">\n\t\t\t\t\t\t<div class=\"elementor-container elementor-column-gap-default\">\n\t\t\t\t\t<div class=\"elementor-column elementor-col-100 elementor-top-column elementor-element elementor-element-fe85b43\" data-id=\"fe85b43\" data-element_type=\"column\">\n\t\t\t<div class=\"elementor-widget-wrap elementor-element-populated\">\n\t\t\t\t\t\t<div class=\"elementor-element elementor-element-a7be5f7 elementor-widget elementor-widget-text-editor\" data-id=\"a7be5f7\" data-element_type=\"widget\" data-widget_type=\"text-editor.default\">\n\t\t\t\t<div class=\"elementor-widget-container\">\n\t\t\t\t\t\t\t\t\t<ul>\n<li>Lugares y formas de pago &gt; <a href=\"https:\/\/coemaltda.com.ar\/index.php\/medios-de-pago\/\" target=\"_blank\" rel=\"noopener\">Medios de pago<\/a>&nbsp;<\/li>\n<li>Direcciones y horarios de los centro de Atenci\u00f3n al usuario &gt;&nbsp;<a href=\"https:\/\/coemaltda.com.ar\/index.php\/atencion-al-usuario\/\" target=\"_blank\" rel=\"noopener\">Atenci\u00f3n al usuario<\/a><\/li>\n<li>L\u00ednea gratuita de atenci\u00f3n a usuarios Electrodependientes por cuestiones de salud &gt; 0810-222-2589<\/li>\n<li>Como obtener la factura a trav\u00e9s de la p\u00e1gina &gt;&nbsp;<a href=\"https:\/\/www.coemaltda.com.ar\/oficinavirtual\/modulos\/clientes\/\" target=\"_blank\" rel=\"noopener\">Oficina virtual<\/a>&nbsp;<\/li>\n<li>Requisitos para solicitar el suministro &gt;&nbsp;<a href=\"https:\/\/coemaltda.com.ar\/index.php\/publicidad\/\" target=\"_blank\" rel=\"noopener\">Tramites<\/a><\/li>\n<li>Devoluci\u00f3n dep\u00f3sito de garant\u00eda &gt; 0800-555-2636<\/li>\n<li>Como y donde realizar tr\u00e1mites &gt; Zubiarre 248 (7163) Gral. Madariaga, lunes a viernes de 7 a 14 horas<\/li>\n<li>Requerimientos para acometidas. Croquis del pilar y especificaciones &gt;&nbsp;<a href=\"https:\/\/oceba.gba.gov.ar\/nueva_web\/s.php?i=10\" target=\"_blank\" rel=\"noopener\">Reglamento de suministro y conexi\u00f3n<\/a><\/li>\n<\/ul>\t\t\t\t\t\t\t\t<\/div>\n\t\t\t\t<\/div>\n\t\t\t\t\t<\/div>\n\t\t<\/div>\n\t\t\t\t\t<\/div>\n\t\t<\/section>\n\t\t\t\t<\/div>\n\t\t","protected":false},"excerpt":{"rendered":"<p>Preguntas frecuentes Lugares y formas de pago &gt; Medios de pago&nbsp; Direcciones y horarios de los centro de Atenci\u00f3n al usuario &gt;&nbsp;Atenci\u00f3n al usuario L\u00ednea gratuita de atenci\u00f3n a usuarios Electrodependientes por cuestiones de salud &gt; 0810-222-2589 Como obtener la factura a trav\u00e9s de la p\u00e1gina &gt;&nbsp;Oficina virtual&nbsp; Requisitos para solicitar el suministro &gt;&nbsp;Tramites Devoluci\u00f3n&hellip;&nbsp;<a href=\"https:\/\/coemaltda.com.ar\/index.php\/preguntas-frecuentes\/\" class=\"\" rel=\"bookmark\">Leer m\u00e1s &raquo;<span class=\"screen-reader-text\">preguntas frecuentes<\/span><\/a><\/p>\n","protected":false},"author":1,"featured_media":0,"parent":0,"menu_order":0,"comment_status":"closed","ping_status":"closed","template":"page-templates\/template-pagebuilder-full-width.php","meta":{"footnotes":""},"class_list":["post-2777","page","type-page","status-publish","hentry"],"_links":{"self":[{"href":"https:\/\/coemaltda.com.ar\/index.php\/wp-json\/wp\/v2\/pages\/2777","targetHints":{"allow":["GET"]}}],"collection":[{"href":"https:\/\/coemaltda.com.ar\/index.php\/wp-json\/wp\/v2\/pages"}],"about":[{"href":"https:\/\/coemaltda.com.ar\/index.php\/wp-json\/wp\/v2\/types\/page"}],"author":[{"embeddable":true,"href":"https:\/\/coemaltda.com.ar\/index.php\/wp-json\/wp\/v2\/users\/1"}],"replies":[{"embeddable":true,"href":"https:\/\/coemaltda.com.ar\/index.php\/wp-json\/wp\/v2\/comments?post=2777"}],"version-history":[{"count":19,"href":"https:\/\/coemaltda.com.ar\/index.php\/wp-json\/wp\/v2\/pages\/2777\/revisions"}],"predecessor-version":[{"id":2836,"href":"https:\/\/coemaltda.com.ar\/index.php\/wp-json\/wp\/v2\/pages\/2777\/revisions\/2836"}],"wp:attachment":[{"href":"https:\/\/coemaltda.com.ar\/index.php\/wp-json\/wp\/v2\/media?parent=2777"}],"curies":[{"name":"wp","href":"https:\/\/api.w.org\/{rel}","templated":true}]}}