{"id":2529,"date":"2025-02-19T11:12:05","date_gmt":"2025-02-19T14:12:05","guid":{"rendered":"https:\/\/coemaltda.com.ar\/?page_id=2529"},"modified":"2025-06-20T19:38:39","modified_gmt":"2025-06-20T22:38:39","slug":"consejo-2","status":"publish","type":"page","link":"https:\/\/coemaltda.com.ar\/index.php\/consejo-2\/","title":{"rendered":"Consejo"},"content":{"rendered":"\t\t<div data-elementor-type=\"wp-page\" data-elementor-id=\"2529\" class=\"elementor elementor-2529\">\n\t\t\t\t\t\t<section class=\"elementor-section elementor-top-section elementor-element elementor-element-a42738f elementor-section-boxed elementor-section-height-default elementor-section-height-default\" data-id=\"a42738f\" data-element_type=\"section\">\n\t\t\t\t\t\t<div class=\"elementor-container elementor-column-gap-default\">\n\t\t\t\t\t<div class=\"elementor-column elementor-col-100 elementor-top-column elementor-element elementor-element-7746daa\" data-id=\"7746daa\" data-element_type=\"column\">\n\t\t\t<div class=\"elementor-widget-wrap elementor-element-populated\">\n\t\t\t\t\t\t<div class=\"elementor-element elementor-element-3e75b5d elementor-widget elementor-widget-heading\" data-id=\"3e75b5d\" data-element_type=\"widget\" data-widget_type=\"heading.default\">\n\t\t\t\t<div class=\"elementor-widget-container\">\n\t\t\t\t\t<h2 class=\"elementor-heading-title elementor-size-default\">Consejo<\/h2>\t\t\t\t<\/div>\n\t\t\t\t<\/div>\n\t\t\t\t\t<\/div>\n\t\t<\/div>\n\t\t\t\t\t<\/div>\n\t\t<\/section>\n\t\t\t\t<section class=\"elementor-section elementor-top-section elementor-element elementor-element-507d196 elementor-section-boxed elementor-section-height-default elementor-section-height-default\" data-id=\"507d196\" data-element_type=\"section\">\n\t\t\t\t\t\t<div class=\"elementor-container elementor-column-gap-default\">\n\t\t\t\t\t<div class=\"elementor-column elementor-col-33 elementor-top-column elementor-element elementor-element-d5640fb\" data-id=\"d5640fb\" data-element_type=\"column\">\n\t\t\t<div class=\"elementor-widget-wrap\">\n\t\t\t\t\t\t\t<\/div>\n\t\t<\/div>\n\t\t\t\t<div class=\"elementor-column elementor-col-33 elementor-top-column elementor-element elementor-element-8a11f01\" data-id=\"8a11f01\" data-element_type=\"column\">\n\t\t\t<div class=\"elementor-widget-wrap elementor-element-populated\">\n\t\t\t\t\t\t<div class=\"elementor-element elementor-element-a01f133 elementor-widget elementor-widget-text-editor\" data-id=\"a01f133\" data-element_type=\"widget\" data-widget_type=\"text-editor.default\">\n\t\t\t\t<div class=\"elementor-widget-container\">\n\t\t\t\t\t\t\t\t\t<p>Presidente: CIMOS, inocencio\u00a0<\/p><p>Vicepresidente: INGLERA, Julio Gabriel\u00a0<\/p><p>Secretario: RUSINEK, Gustavo Camilo<\/p><p>Tesorero: LABANDAL, Juan Carlos<\/p><p><strong><u>Vocales titulares:<\/u><\/strong><\/p><p style=\"letter-spacing: 0.1px;\">PEREZ, Sergio Agust\u00edn<\/p><p style=\"letter-spacing: 0.1px;\"><span style=\"letter-spacing: 0.1px;\">COLOMBO, Alejandro Maximiliano<\/span><\/p><div><p>GARMENDIA, Ram\u00f3n Oscar<\/p><\/div><p>CORDOBA, H\u00e9ctor Rogelio<\/p><p>ERNALZ, Claudio Victor<\/p><p style=\"letter-spacing: 0.6px;\"><strong><u>Vocales suplentes:<\/u><\/strong><\/p><p style=\"letter-spacing: 0.1px;\">MAIOLO, Marcelo<\/p><p style=\"letter-spacing: 0.1px;\">BLANCO, Juan Manuel<\/p><p style=\"letter-spacing: 0.1px;\">BARCOS, Oscar Gustavo<\/p><p style=\"letter-spacing: 0.1px;\">FERRARO, Marcelo Oscar<\/p><p><strong style=\"letter-spacing: 0.1px;\"><u>S\u00edndico Titular:<\/u><\/strong><span style=\"letter-spacing: 0.1px;\">\u00a0CORBELLINI, Mario Norberto<\/span><\/p><p><strong><u>S\u00edndico Suplente:<\/u><\/strong><span style=\"letter-spacing: 0.1px;\">\u00a0AGUADO, Ernesto Enrique<\/span><\/p><p><span style=\"letter-spacing: 0.1px;\">\u00a0<\/span><\/p>\t\t\t\t\t\t\t\t<\/div>\n\t\t\t\t<\/div>\n\t\t\t\t\t<\/div>\n\t\t<\/div>\n\t\t\t\t<div class=\"elementor-column elementor-col-33 elementor-top-column elementor-element elementor-element-5904b34\" data-id=\"5904b34\" data-element_type=\"column\">\n\t\t\t<div class=\"elementor-widget-wrap\">\n\t\t\t\t\t\t\t<\/div>\n\t\t<\/div>\n\t\t\t\t\t<\/div>\n\t\t<\/section>\n\t\t\t\t<\/div>\n\t\t","protected":false},"excerpt":{"rendered":"<p>Consejo Presidente: CIMOS, inocencio\u00a0 Vicepresidente: INGLERA, Julio Gabriel\u00a0 Secretario: RUSINEK, Gustavo Camilo Tesorero: LABANDAL, Juan Carlos Vocales titulares: PEREZ, Sergio Agust\u00edn COLOMBO, Alejandro Maximiliano GARMENDIA, Ram\u00f3n Oscar CORDOBA, H\u00e9ctor Rogelio ERNALZ, Claudio Victor Vocales suplentes: MAIOLO, Marcelo BLANCO, Juan Manuel BARCOS, Oscar Gustavo FERRARO, Marcelo Oscar S\u00edndico Titular:\u00a0CORBELLINI, Mario Norberto S\u00edndico Suplente:\u00a0AGUADO, Ernesto Enrique \u00a0<\/p>\n","protected":false},"author":1,"featured_media":0,"parent":0,"menu_order":0,"comment_status":"closed","ping_status":"closed","template":"page-templates\/template-pagebuilder-full-width.php","meta":{"footnotes":""},"class_list":["post-2529","page","type-page","status-publish","hentry"],"_links":{"self":[{"href":"https:\/\/coemaltda.com.ar\/index.php\/wp-json\/wp\/v2\/pages\/2529","targetHints":{"allow":["GET"]}}],"collection":[{"href":"https:\/\/coemaltda.com.ar\/index.php\/wp-json\/wp\/v2\/pages"}],"about":[{"href":"https:\/\/coemaltda.com.ar\/index.php\/wp-json\/wp\/v2\/types\/page"}],"author":[{"embeddable":true,"href":"https:\/\/coemaltda.com.ar\/index.php\/wp-json\/wp\/v2\/users\/1"}],"replies":[{"embeddable":true,"href":"https:\/\/coemaltda.com.ar\/index.php\/wp-json\/wp\/v2\/comments?post=2529"}],"version-history":[{"count":23,"href":"https:\/\/coemaltda.com.ar\/index.php\/wp-json\/wp\/v2\/pages\/2529\/revisions"}],"predecessor-version":[{"id":2615,"href":"https:\/\/coemaltda.com.ar\/index.php\/wp-json\/wp\/v2\/pages\/2529\/revisions\/2615"}],"wp:attachment":[{"href":"https:\/\/coemaltda.com.ar\/index.php\/wp-json\/wp\/v2\/media?parent=2529"}],"curies":[{"name":"wp","href":"https:\/\/api.w.org\/{rel}","templated":true}]}}