{"id":2133,"date":"2022-10-10T13:53:16","date_gmt":"2022-10-10T16:53:16","guid":{"rendered":"https:\/\/coemaltda.com.ar\/?page_id=2133"},"modified":"2025-10-08T20:45:08","modified_gmt":"2025-10-08T23:45:08","slug":"novedades","status":"publish","type":"page","link":"https:\/\/coemaltda.com.ar\/index.php\/novedades\/","title":{"rendered":"novedades"},"content":{"rendered":"\t\t<div data-elementor-type=\"wp-page\" data-elementor-id=\"2133\" class=\"elementor elementor-2133\">\n\t\t\t\t\t\t<section class=\"elementor-section elementor-top-section elementor-element elementor-element-94f86a2 elementor-section-boxed elementor-section-height-default elementor-section-height-default\" data-id=\"94f86a2\" data-element_type=\"section\">\n\t\t\t\t\t\t<div class=\"elementor-container elementor-column-gap-default\">\n\t\t\t\t\t<div class=\"elementor-column elementor-col-100 elementor-top-column elementor-element elementor-element-e5035de\" data-id=\"e5035de\" data-element_type=\"column\">\n\t\t\t<div class=\"elementor-widget-wrap elementor-element-populated\">\n\t\t\t\t\t\t<div class=\"elementor-element elementor-element-6750b22 elementor-widget elementor-widget-heading\" data-id=\"6750b22\" data-element_type=\"widget\" data-widget_type=\"heading.default\">\n\t\t\t\t<div class=\"elementor-widget-container\">\n\t\t\t\t\t<h2 class=\"elementor-heading-title elementor-size-default\">Novedades<\/h2>\t\t\t\t<\/div>\n\t\t\t\t<\/div>\n\t\t\t\t\t<\/div>\n\t\t<\/div>\n\t\t\t\t\t<\/div>\n\t\t<\/section>\n\t\t\t\t<section class=\"elementor-section elementor-top-section elementor-element elementor-element-c2c0eeb elementor-section-boxed elementor-section-height-default elementor-section-height-default\" data-id=\"c2c0eeb\" data-element_type=\"section\">\n\t\t\t\t\t\t<div class=\"elementor-container elementor-column-gap-default\">\n\t\t\t\t\t<div class=\"elementor-column elementor-col-100 elementor-top-column elementor-element elementor-element-d98268a\" data-id=\"d98268a\" data-element_type=\"column\">\n\t\t\t<div class=\"elementor-widget-wrap elementor-element-populated\">\n\t\t\t\t\t\t<div class=\"elementor-element elementor-element-4dea42a animated-slow elementor-widget elementor-widget-heading\" data-id=\"4dea42a\" data-element_type=\"widget\" data-settings=\"{&quot;_animation&quot;:&quot;none&quot;,&quot;_animation_delay&quot;:1}\" data-widget_type=\"heading.default\">\n\t\t\t\t<div class=\"elementor-widget-container\">\n\t\t\t\t\t<h3 class=\"elementor-heading-title elementor-size-medium\"><a href=\"https:\/\/coemaltda.com.ar\/pdf\/convocatoria2025.pdf\" target=\"_blank\">Convocatoria a Asamblea General Ordinaria para el mi\u00e9rcoles 22 de octubre de 2025<br>a las 19 horas, en la sede social Zubiaurre 248 Gral. Madariaga  <br><span style=\"font-family: Graphik, -apple-system, BlinkMacSystemFont, &quot;Segoe UI&quot;, Helvetica, Arial, sans-serif; font-size: 1em; font-weight: 600;\">para mas informaci\u00f3n pulse aqu\u00ed<\/span><br><\/a><\/h3>\t\t\t\t<\/div>\n\t\t\t\t<\/div>\n\t\t\t\t\t<\/div>\n\t\t<\/div>\n\t\t\t\t\t<\/div>\n\t\t<\/section>\n\t\t\t\t<section class=\"elementor-section elementor-top-section elementor-element elementor-element-8f4536c elementor-section-boxed elementor-section-height-default elementor-section-height-default\" data-id=\"8f4536c\" data-element_type=\"section\">\n\t\t\t\t\t\t<div class=\"elementor-container elementor-column-gap-default\">\n\t\t\t\t\t<div class=\"elementor-column elementor-col-100 elementor-top-column elementor-element elementor-element-485551a\" data-id=\"485551a\" data-element_type=\"column\">\n\t\t\t<div class=\"elementor-widget-wrap elementor-element-populated\">\n\t\t\t\t\t\t<div class=\"elementor-element elementor-element-7b12ddd animated-slow elementor-widget elementor-widget-heading\" data-id=\"7b12ddd\" data-element_type=\"widget\" data-settings=\"{&quot;_animation&quot;:&quot;none&quot;,&quot;_animation_delay&quot;:1}\" data-widget_type=\"heading.default\">\n\t\t\t\t<div class=\"elementor-widget-container\">\n\t\t\t\t\t<p class=\"elementor-heading-title elementor-size-medium\"><a href=\"https:\/\/coemaltda.com.ar\/pdf\/subsidios.pdf\" target=\"_blank\"><br><span style=\"text-align: left;\">22\/05\/23 - SEGMENTACION TARIFARIA<\/span><br style=\"text-align: left;\"><br style=\"text-align: left;\">Sr. Asociado Usuario:<br>\nComo es de su conocimiento, el Gobierno Nacional aprob\u00f3 mediante el decreto 332\/22 la SEGMENTACI\u00d3N de las TARIFAS RESIDENCIALES, lo cual incluye a los beneficiarios de la TARIFA SOCIAL. Esto alcanza a las tarifas residenciales T1R, T1RE y T4R por un lado, y a las tarifas sociales T1S y T4S por otro, y se implement\u00f3 para consumos a partir del 1\/10\/2022.<br><br><b>Podr\u00e1 consultar su categor\u00eda tarifaria en la parte superior izquierda de la factura.<\/b><br><br><u>\n<\/u>La segmentaci\u00f3n energ\u00e9tica divide al padr\u00f3n residencial en tres niveles: Nivel 1 de MAYORES INGRESOS (ingreso familiar superior a $711.763.- mensuales), Nivel 2 de MENORES INGRESOS (ingreso familiar inferior a $203.361.- mensuales) y NIVEL 3 de INGRESOS MEDIOS (ingreso familiar superior entre $203.361.- y $711.763.- mensuales).\nLa \u00fanica manera mediante la cual podr\u00e1 quedar dentro de los NIVELES 2 y 3 \u2013 con subsidio-, incluso siendo beneficiario de la TARIFA SOCIAL, es realizando el tr\u00e1mite de inscripci\u00f3n OBLIGATORIO en el RASE (Registro de Acceso a los Subsidios de Energ\u00eda), a trav\u00e9s de la p\u00e1gina web https:\/\/www.argentina.gob.ar\/subsidios. All\u00ed deber\u00e1 completar el FORMULARIO DE INSCRIPCI\u00d3N.<br>\nAtentamente.\nConsejo de Administraci\u00f3n.-  <br><\/a><\/p>\t\t\t\t<\/div>\n\t\t\t\t<\/div>\n\t\t\t\t\t<\/div>\n\t\t<\/div>\n\t\t\t\t\t<\/div>\n\t\t<\/section>\n\t\t\t\t<section class=\"elementor-section elementor-top-section elementor-element elementor-element-12d40d3 elementor-section-boxed elementor-section-height-default elementor-section-height-default\" data-id=\"12d40d3\" data-element_type=\"section\">\n\t\t\t\t\t\t<div class=\"elementor-container elementor-column-gap-default\">\n\t\t\t\t\t<div class=\"elementor-column elementor-col-100 elementor-top-column elementor-element elementor-element-9ed8813\" data-id=\"9ed8813\" data-element_type=\"column\">\n\t\t\t<div class=\"elementor-widget-wrap elementor-element-populated\">\n\t\t\t\t\t\t<div class=\"elementor-element elementor-element-6105ebd elementor-widget elementor-widget-image\" data-id=\"6105ebd\" data-element_type=\"widget\" data-widget_type=\"image.default\">\n\t\t\t\t<div class=\"elementor-widget-container\">\n\t\t\t\t\t\t\t\t\t\t\t\t\t\t\t<img fetchpriority=\"high\" decoding=\"async\" width=\"973\" height=\"555\" src=\"https:\/\/coemaltda.com.ar\/wp-content\/uploads\/2023\/05\/rase.jpeg\" class=\"attachment-large size-large wp-image-2179\" alt=\"\" srcset=\"https:\/\/coemaltda.com.ar\/wp-content\/uploads\/2023\/05\/rase.jpeg 973w, https:\/\/coemaltda.com.ar\/wp-content\/uploads\/2023\/05\/rase-300x171.jpeg 300w, https:\/\/coemaltda.com.ar\/wp-content\/uploads\/2023\/05\/rase-768x438.jpeg 768w\" sizes=\"(max-width: 973px) 100vw, 973px\" \/>\t\t\t\t\t\t\t\t\t\t\t\t\t\t\t<\/div>\n\t\t\t\t<\/div>\n\t\t\t\t\t<\/div>\n\t\t<\/div>\n\t\t\t\t\t<\/div>\n\t\t<\/section>\n\t\t\t\t<section class=\"elementor-section elementor-top-section elementor-element elementor-element-9730a86 elementor-section-boxed elementor-section-height-default elementor-section-height-default\" data-id=\"9730a86\" data-element_type=\"section\">\n\t\t\t\t\t\t<div class=\"elementor-container elementor-column-gap-default\">\n\t\t\t\t\t<div class=\"elementor-column elementor-col-100 elementor-top-column elementor-element elementor-element-cbbc944\" data-id=\"cbbc944\" data-element_type=\"column\">\n\t\t\t<div class=\"elementor-widget-wrap elementor-element-populated\">\n\t\t\t\t\t\t<div class=\"elementor-element elementor-element-ab7473e elementor-widget-divider--view-line elementor-widget elementor-widget-divider\" data-id=\"ab7473e\" data-element_type=\"widget\" data-widget_type=\"divider.default\">\n\t\t\t\t<div class=\"elementor-widget-container\">\n\t\t\t\t\t\t\t<div class=\"elementor-divider\">\n\t\t\t<span class=\"elementor-divider-separator\">\n\t\t\t\t\t\t<\/span>\n\t\t<\/div>\n\t\t\t\t\t\t<\/div>\n\t\t\t\t<\/div>\n\t\t\t\t\t<\/div>\n\t\t<\/div>\n\t\t\t\t\t<\/div>\n\t\t<\/section>\n\t\t\t\t<section class=\"elementor-section elementor-top-section elementor-element elementor-element-8ec72ec elementor-section-boxed elementor-section-height-default elementor-section-height-default\" data-id=\"8ec72ec\" data-element_type=\"section\">\n\t\t\t\t\t\t<div class=\"elementor-container elementor-column-gap-default\">\n\t\t\t\t\t<div class=\"elementor-column elementor-col-100 elementor-top-column elementor-element elementor-element-518277e\" data-id=\"518277e\" data-element_type=\"column\">\n\t\t\t<div class=\"elementor-widget-wrap elementor-element-populated\">\n\t\t\t\t\t\t<div class=\"elementor-element elementor-element-ce14522 animated-slow elementor-widget elementor-widget-heading\" data-id=\"ce14522\" data-element_type=\"widget\" data-settings=\"{&quot;_animation&quot;:&quot;none&quot;,&quot;_animation_delay&quot;:1}\" data-widget_type=\"heading.default\">\n\t\t\t\t<div class=\"elementor-widget-container\">\n\t\t\t\t\t<h3 class=\"elementor-heading-title elementor-size-medium\"><a href=\"https:\/\/coemaltda.com.ar\/pdf\/cooperativas_electricas_en_situacion_critica.pdf\" target=\"_blank\">COMUNICADO<br>Cooperativas el\u00e9ctricas en situaci\u00f3n cr\u00edtica <br><span style=\"font-family: Graphik, -apple-system, BlinkMacSystemFont, &quot;Segoe UI&quot;, Helvetica, Arial, sans-serif; font-size: 1em; font-weight: 600;\">para mas informaci\u00f3n pulse aqu\u00ed<\/span><br><\/a><\/h3>\t\t\t\t<\/div>\n\t\t\t\t<\/div>\n\t\t\t\t\t<\/div>\n\t\t<\/div>\n\t\t\t\t\t<\/div>\n\t\t<\/section>\n\t\t\t\t<section class=\"elementor-section elementor-top-section elementor-element elementor-element-7828070 elementor-section-boxed elementor-section-height-default elementor-section-height-default\" data-id=\"7828070\" data-element_type=\"section\">\n\t\t\t\t\t\t<div class=\"elementor-container elementor-column-gap-default\">\n\t\t\t\t\t<div class=\"elementor-column elementor-col-100 elementor-top-column elementor-element elementor-element-e4ce0f4\" data-id=\"e4ce0f4\" data-element_type=\"column\">\n\t\t\t<div class=\"elementor-widget-wrap elementor-element-populated\">\n\t\t\t\t\t\t<div class=\"elementor-element elementor-element-775ba9d elementor-widget-divider--view-line elementor-widget elementor-widget-divider\" data-id=\"775ba9d\" data-element_type=\"widget\" data-widget_type=\"divider.default\">\n\t\t\t\t<div class=\"elementor-widget-container\">\n\t\t\t\t\t\t\t<div class=\"elementor-divider\">\n\t\t\t<span class=\"elementor-divider-separator\">\n\t\t\t\t\t\t<\/span>\n\t\t<\/div>\n\t\t\t\t\t\t<\/div>\n\t\t\t\t<\/div>\n\t\t\t\t\t<\/div>\n\t\t<\/div>\n\t\t\t\t\t<\/div>\n\t\t<\/section>\n\t\t\t\t<section class=\"elementor-section elementor-top-section elementor-element elementor-element-4f2c816 elementor-section-boxed elementor-section-height-default elementor-section-height-default\" data-id=\"4f2c816\" data-element_type=\"section\">\n\t\t\t\t\t\t<div class=\"elementor-container elementor-column-gap-default\">\n\t\t\t\t\t<div class=\"elementor-column elementor-col-100 elementor-top-column elementor-element elementor-element-e8fdce5\" data-id=\"e8fdce5\" data-element_type=\"column\">\n\t\t\t<div class=\"elementor-widget-wrap elementor-element-populated\">\n\t\t\t\t\t\t<div class=\"elementor-element elementor-element-15b0e8b elementor-widget elementor-widget-text-editor\" data-id=\"15b0e8b\" data-element_type=\"widget\" data-widget_type=\"text-editor.default\">\n\t\t\t\t<div class=\"elementor-widget-container\">\n\t\t\t\t\t\t\t\t\t<p class=\"MsoNormal\"><strong><span style=\"font-size: 13.5pt; line-height: 115%; font-family: 'Calibri','sans-serif'; mso-ascii-theme-font: minor-latin; mso-hansi-theme-font: minor-latin; mso-bidi-font-family: 'Times New Roman'; mso-bidi-theme-font: minor-bidi; color: black;\">CIRCULAR OCEBA N\u00ba 15\/19<\/span><\/strong><\/p><p><span style=\"font-size: 13.5pt; color: black;\">\u201cESTIMADO USUARIO: Le informamos<br \/>que se encuentra vigente la modalidad \u201cTr\u00e1mite a Distancia\u201d (TAD), para la<br \/>inscripci\u00f3n, renovaci\u00f3n o actualizaci\u00f3n de datos m\u00e9dicos y\/o domicilio de<br \/>usuarios electrodependientes.<br \/>para ello el requirente encontrar\u00e1 en la p\u00e1gina\u00a0<\/span><a href=\"http:\/\/www.argentina.gob.ar\/salud\/electrodependientes\"><span style=\"font-size: 13.5pt;\">www.argentina.gob.ar\/salud\/electrodependientes<\/span><\/a><span style=\"font-size: 13.5pt; color: black;\">\u00a0las instrucciones y los formularios<br \/>necesarios para cada una de las instancias y un enlace para ingresar a TAD (<\/span><a href=\"https:\/\/tramitesadistancia.gob.ar\/\"><span style=\"font-size: 13.5pt;\">https:\/\/tramitesadistancia.gob.ar<\/span><\/a><span style=\"font-size: 13.5pt; color: black;\">) Para la realizaci\u00f3n del tr\u00e1mite completo<br \/>deber\u00e1 disponerse de toda la documentaci\u00f3n requerida en formato digital.\u201d<\/span><\/p>\t\t\t\t\t\t\t\t<\/div>\n\t\t\t\t<\/div>\n\t\t\t\t\t<\/div>\n\t\t<\/div>\n\t\t\t\t\t<\/div>\n\t\t<\/section>\n\t\t\t\t<section class=\"elementor-section elementor-top-section elementor-element elementor-element-88ae6ae elementor-section-boxed elementor-section-height-default elementor-section-height-default\" data-id=\"88ae6ae\" data-element_type=\"section\">\n\t\t\t\t\t\t<div class=\"elementor-container elementor-column-gap-default\">\n\t\t\t\t\t<div class=\"elementor-column elementor-col-100 elementor-top-column elementor-element elementor-element-c2cb47d\" data-id=\"c2cb47d\" data-element_type=\"column\">\n\t\t\t<div class=\"elementor-widget-wrap elementor-element-populated\">\n\t\t\t\t\t\t<div class=\"elementor-element elementor-element-bf813bd elementor-widget-divider--view-line elementor-widget elementor-widget-divider\" data-id=\"bf813bd\" data-element_type=\"widget\" data-widget_type=\"divider.default\">\n\t\t\t\t<div class=\"elementor-widget-container\">\n\t\t\t\t\t\t\t<div class=\"elementor-divider\">\n\t\t\t<span class=\"elementor-divider-separator\">\n\t\t\t\t\t\t<\/span>\n\t\t<\/div>\n\t\t\t\t\t\t<\/div>\n\t\t\t\t<\/div>\n\t\t\t\t\t<\/div>\n\t\t<\/div>\n\t\t\t\t\t<\/div>\n\t\t<\/section>\n\t\t\t\t<section class=\"elementor-section elementor-top-section elementor-element elementor-element-2615799 elementor-section-boxed elementor-section-height-default elementor-section-height-default\" data-id=\"2615799\" data-element_type=\"section\">\n\t\t\t\t\t\t<div class=\"elementor-container elementor-column-gap-default\">\n\t\t\t\t\t<div class=\"elementor-column elementor-col-100 elementor-top-column elementor-element elementor-element-888ad9b\" data-id=\"888ad9b\" data-element_type=\"column\">\n\t\t\t<div class=\"elementor-widget-wrap elementor-element-populated\">\n\t\t\t\t\t\t<div class=\"elementor-element elementor-element-968877d animated-slow elementor-widget elementor-widget-heading\" data-id=\"968877d\" data-element_type=\"widget\" data-settings=\"{&quot;_animation&quot;:&quot;none&quot;,&quot;_animation_delay&quot;:1}\" data-widget_type=\"heading.default\">\n\t\t\t\t<div class=\"elementor-widget-container\">\n\t\t\t\t\t<h1 class=\"elementor-heading-title elementor-size-small\"><a href=\"http:\/\/www.argentina.gob.ar\/salud\/tramitesyservicios\" target=\"_blank\">\"Sr\/a Usuario\/a: Si Ud. est\u00e1 o considera estar alcanzado por el r\u00e9gimen aplicable a los usuarios electrodependientes (Res.OCEBA 0096\/18), deber\u00e1 inscribirse en el Registro de Electrodependientes por Cuestiones de Salud (RECS), a trav\u00e9s de la p\u00e1gina web del Ministerio de Salud de la Naci\u00f3n:<br><span style=\"font-family: Graphik, -apple-system, BlinkMacSystemFont, &quot;Segoe UI&quot;, Helvetica, Arial, sans-serif; font-size: 1em; font-weight: 600;\">para mas informaci\u00f3n pulse aqu\u00ed<\/span><br><\/a><\/h1>\t\t\t\t<\/div>\n\t\t\t\t<\/div>\n\t\t\t\t\t<\/div>\n\t\t<\/div>\n\t\t\t\t\t<\/div>\n\t\t<\/section>\n\t\t\t\t<section class=\"elementor-section elementor-top-section elementor-element elementor-element-d96424c elementor-section-boxed elementor-section-height-default elementor-section-height-default\" data-id=\"d96424c\" data-element_type=\"section\">\n\t\t\t\t\t\t<div class=\"elementor-container elementor-column-gap-default\">\n\t\t\t\t\t<div class=\"elementor-column elementor-col-100 elementor-top-column elementor-element elementor-element-3eb038d\" data-id=\"3eb038d\" data-element_type=\"column\">\n\t\t\t<div class=\"elementor-widget-wrap elementor-element-populated\">\n\t\t\t\t\t\t<div class=\"elementor-element elementor-element-a147404 elementor-widget-divider--view-line elementor-widget elementor-widget-divider\" data-id=\"a147404\" data-element_type=\"widget\" data-widget_type=\"divider.default\">\n\t\t\t\t<div class=\"elementor-widget-container\">\n\t\t\t\t\t\t\t<div class=\"elementor-divider\">\n\t\t\t<span class=\"elementor-divider-separator\">\n\t\t\t\t\t\t<\/span>\n\t\t<\/div>\n\t\t\t\t\t\t<\/div>\n\t\t\t\t<\/div>\n\t\t\t\t\t<\/div>\n\t\t<\/div>\n\t\t\t\t\t<\/div>\n\t\t<\/section>\n\t\t\t\t<\/div>\n\t\t","protected":false},"excerpt":{"rendered":"<p>Novedades Convocatoria a Asamblea General Ordinaria para el mi\u00e9rcoles 22 de octubre de 2025a las 19 horas, en la sede social Zubiaurre 248 Gral. Madariaga para mas informaci\u00f3n pulse aqu\u00ed 22\/05\/23 &#8211; SEGMENTACION TARIFARIASr. Asociado Usuario: Como es de su conocimiento, el Gobierno Nacional aprob\u00f3 mediante el decreto 332\/22 la SEGMENTACI\u00d3N de las TARIFAS RESIDENCIALES,&hellip;&nbsp;<a href=\"https:\/\/coemaltda.com.ar\/index.php\/novedades\/\" class=\"\" rel=\"bookmark\">Leer m\u00e1s &raquo;<span class=\"screen-reader-text\">novedades<\/span><\/a><\/p>\n","protected":false},"author":1,"featured_media":0,"parent":0,"menu_order":0,"comment_status":"closed","ping_status":"closed","template":"page-templates\/template-pagebuilder-full-width.php","meta":{"footnotes":""},"class_list":["post-2133","page","type-page","status-publish","hentry"],"_links":{"self":[{"href":"https:\/\/coemaltda.com.ar\/index.php\/wp-json\/wp\/v2\/pages\/2133","targetHints":{"allow":["GET"]}}],"collection":[{"href":"https:\/\/coemaltda.com.ar\/index.php\/wp-json\/wp\/v2\/pages"}],"about":[{"href":"https:\/\/coemaltda.com.ar\/index.php\/wp-json\/wp\/v2\/types\/page"}],"author":[{"embeddable":true,"href":"https:\/\/coemaltda.com.ar\/index.php\/wp-json\/wp\/v2\/users\/1"}],"replies":[{"embeddable":true,"href":"https:\/\/coemaltda.com.ar\/index.php\/wp-json\/wp\/v2\/comments?post=2133"}],"version-history":[{"count":44,"href":"https:\/\/coemaltda.com.ar\/index.php\/wp-json\/wp\/v2\/pages\/2133\/revisions"}],"predecessor-version":[{"id":2967,"href":"https:\/\/coemaltda.com.ar\/index.php\/wp-json\/wp\/v2\/pages\/2133\/revisions\/2967"}],"wp:attachment":[{"href":"https:\/\/coemaltda.com.ar\/index.php\/wp-json\/wp\/v2\/media?parent=2133"}],"curies":[{"name":"wp","href":"https:\/\/api.w.org\/{rel}","templated":true}]}}