{"id":184,"date":"2020-08-08T11:38:32","date_gmt":"2020-08-08T14:38:32","guid":{"rendered":"https:\/\/coemaltda.com.ar\/?page_id=184"},"modified":"2025-06-20T19:39:08","modified_gmt":"2025-06-20T22:39:08","slug":"cooperativa","status":"publish","type":"page","link":"https:\/\/coemaltda.com.ar\/index.php\/cooperativa\/","title":{"rendered":"Cooperativa"},"content":{"rendered":"\t\t<div data-elementor-type=\"wp-page\" data-elementor-id=\"184\" class=\"elementor elementor-184\">\n\t\t\t\t\t\t<section class=\"elementor-section elementor-top-section elementor-element elementor-element-05e668d elementor-section-boxed elementor-section-height-default elementor-section-height-default\" data-id=\"05e668d\" data-element_type=\"section\">\n\t\t\t\t\t\t<div class=\"elementor-container elementor-column-gap-default\">\n\t\t\t\t\t<div class=\"elementor-column elementor-col-100 elementor-top-column elementor-element elementor-element-11950eb\" data-id=\"11950eb\" data-element_type=\"column\">\n\t\t\t<div class=\"elementor-widget-wrap elementor-element-populated\">\n\t\t\t\t\t\t<div class=\"elementor-element elementor-element-b0f3f65 elementor-widget elementor-widget-heading\" data-id=\"b0f3f65\" data-element_type=\"widget\" data-widget_type=\"heading.default\">\n\t\t\t\t<div class=\"elementor-widget-container\">\n\t\t\t\t\t<h2 class=\"elementor-heading-title elementor-size-default\">La Cooperativa<\/h2>\t\t\t\t<\/div>\n\t\t\t\t<\/div>\n\t\t\t\t\t<\/div>\n\t\t<\/div>\n\t\t\t\t\t<\/div>\n\t\t<\/section>\n\t\t\t\t<section class=\"elementor-section elementor-top-section elementor-element elementor-element-ee75fc7 elementor-section-boxed elementor-section-height-default elementor-section-height-default\" data-id=\"ee75fc7\" data-element_type=\"section\">\n\t\t\t\t\t\t<div class=\"elementor-container elementor-column-gap-default\">\n\t\t\t\t\t<div class=\"elementor-column elementor-col-100 elementor-top-column elementor-element elementor-element-1de0dee\" data-id=\"1de0dee\" data-element_type=\"column\">\n\t\t\t<div class=\"elementor-widget-wrap elementor-element-populated\">\n\t\t\t\t\t\t<div class=\"elementor-element elementor-element-7b1ccff elementor-widget-divider--view-line elementor-widget elementor-widget-divider\" data-id=\"7b1ccff\" data-element_type=\"widget\" data-widget_type=\"divider.default\">\n\t\t\t\t<div class=\"elementor-widget-container\">\n\t\t\t\t\t\t\t<div class=\"elementor-divider\">\n\t\t\t<span class=\"elementor-divider-separator\">\n\t\t\t\t\t\t<\/span>\n\t\t<\/div>\n\t\t\t\t\t\t<\/div>\n\t\t\t\t<\/div>\n\t\t\t\t\t<\/div>\n\t\t<\/div>\n\t\t\t\t\t<\/div>\n\t\t<\/section>\n\t\t\t\t<section class=\"elementor-section elementor-top-section elementor-element elementor-element-afb4db4 elementor-section-boxed elementor-section-height-default elementor-section-height-default\" data-id=\"afb4db4\" data-element_type=\"section\">\n\t\t\t\t\t\t<div class=\"elementor-container elementor-column-gap-default\">\n\t\t\t\t\t<div class=\"elementor-column elementor-col-100 elementor-top-column elementor-element elementor-element-d7237ef\" data-id=\"d7237ef\" data-element_type=\"column\">\n\t\t\t<div class=\"elementor-widget-wrap elementor-element-populated\">\n\t\t\t\t\t\t<div class=\"elementor-element elementor-element-00c2acf elementor-widget elementor-widget-image-gallery\" data-id=\"00c2acf\" data-element_type=\"widget\" data-widget_type=\"image-gallery.default\">\n\t\t\t\t<div class=\"elementor-widget-container\">\n\t\t\t\t\t\t\t<div class=\"elementor-image-gallery\">\n\t\t\t<div id='gallery-1' class='gallery galleryid-184 gallery-columns-5 gallery-size-thumbnail'><dl class='gallery-item'>\n\t\t\t<dt class='gallery-icon landscape'>\n\t\t\t\t<a data-elementor-open-lightbox=\"yes\" data-elementor-lightbox-slideshow=\"00c2acf\" data-elementor-lightbox-title=\"madariaga2\" data-e-action-hash=\"#elementor-action%3Aaction%3Dlightbox%26settings%3DeyJpZCI6MjI0MSwidXJsIjoiaHR0cHM6XC9cL2NvZW1hbHRkYS5jb20uYXJcL3dwLWNvbnRlbnRcL3VwbG9hZHNcLzIwMjNcLzEwXC9tYWRhcmlhZ2EyLXNjYWxlZC5qcGciLCJzbGlkZXNob3ciOiIwMGMyYWNmIn0%3D\" href='https:\/\/coemaltda.com.ar\/wp-content\/uploads\/2023\/10\/madariaga2-scaled.jpg'><img decoding=\"async\" width=\"150\" height=\"150\" src=\"https:\/\/coemaltda.com.ar\/wp-content\/uploads\/2023\/10\/madariaga2-150x150.jpg\" class=\"attachment-thumbnail size-thumbnail\" alt=\"\" \/><\/a>\n\t\t\t<\/dt><\/dl><dl class='gallery-item'>\n\t\t\t<dt class='gallery-icon landscape'>\n\t\t\t\t<a data-elementor-open-lightbox=\"yes\" data-elementor-lightbox-slideshow=\"00c2acf\" data-elementor-lightbox-title=\"fotocoop2\" data-e-action-hash=\"#elementor-action%3Aaction%3Dlightbox%26settings%3DeyJpZCI6MjIzOSwidXJsIjoiaHR0cHM6XC9cL2NvZW1hbHRkYS5jb20uYXJcL3dwLWNvbnRlbnRcL3VwbG9hZHNcLzIwMjNcLzEwXC9mb3RvY29vcDItMS5wbmciLCJzbGlkZXNob3ciOiIwMGMyYWNmIn0%3D\" href='https:\/\/coemaltda.com.ar\/wp-content\/uploads\/2023\/10\/fotocoop2-1.png'><img decoding=\"async\" width=\"150\" height=\"150\" src=\"https:\/\/coemaltda.com.ar\/wp-content\/uploads\/2023\/10\/fotocoop2-1-150x150.png\" class=\"attachment-thumbnail size-thumbnail\" alt=\"\" \/><\/a>\n\t\t\t<\/dt><\/dl><dl class='gallery-item'>\n\t\t\t<dt class='gallery-icon landscape'>\n\t\t\t\t<a data-elementor-open-lightbox=\"yes\" data-elementor-lightbox-slideshow=\"00c2acf\" data-elementor-lightbox-title=\"fotocoemacoop\" data-e-action-hash=\"#elementor-action%3Aaction%3Dlightbox%26settings%3DeyJpZCI6MjI0MywidXJsIjoiaHR0cHM6XC9cL2NvZW1hbHRkYS5jb20uYXJcL3dwLWNvbnRlbnRcL3VwbG9hZHNcLzIwMjNcLzEwXC9mb3RvY29lbWFjb29wLmpwZyIsInNsaWRlc2hvdyI6IjAwYzJhY2YifQ%3D%3D\" href='https:\/\/coemaltda.com.ar\/wp-content\/uploads\/2023\/10\/fotocoemacoop.jpg'><img decoding=\"async\" width=\"150\" height=\"150\" src=\"https:\/\/coemaltda.com.ar\/wp-content\/uploads\/2023\/10\/fotocoemacoop-150x150.jpg\" class=\"attachment-thumbnail size-thumbnail\" alt=\"\" \/><\/a>\n\t\t\t<\/dt><\/dl><dl class='gallery-item'>\n\t\t\t<dt class='gallery-icon landscape'>\n\t\t\t\t<a data-elementor-open-lightbox=\"yes\" data-elementor-lightbox-slideshow=\"00c2acf\" data-elementor-lightbox-title=\"fotointerior\" data-e-action-hash=\"#elementor-action%3Aaction%3Dlightbox%26settings%3DeyJpZCI6MjI0MCwidXJsIjoiaHR0cHM6XC9cL2NvZW1hbHRkYS5jb20uYXJcL3dwLWNvbnRlbnRcL3VwbG9hZHNcLzIwMjNcLzEwXC9mb3RvaW50ZXJpb3IucG5nIiwic2xpZGVzaG93IjoiMDBjMmFjZiJ9\" href='https:\/\/coemaltda.com.ar\/wp-content\/uploads\/2023\/10\/fotointerior.png'><img loading=\"lazy\" decoding=\"async\" width=\"150\" height=\"150\" src=\"https:\/\/coemaltda.com.ar\/wp-content\/uploads\/2023\/10\/fotointerior-150x150.png\" class=\"attachment-thumbnail size-thumbnail\" alt=\"\" \/><\/a>\n\t\t\t<\/dt><\/dl><dl class='gallery-item'>\n\t\t\t<dt class='gallery-icon landscape'>\n\t\t\t\t<a data-elementor-open-lightbox=\"yes\" data-elementor-lightbox-slideshow=\"00c2acf\" data-elementor-lightbox-title=\"sala\" data-e-action-hash=\"#elementor-action%3Aaction%3Dlightbox%26settings%3DeyJpZCI6MjQwMywidXJsIjoiaHR0cHM6XC9cL2NvZW1hbHRkYS5jb20uYXJcL3dwLWNvbnRlbnRcL3VwbG9hZHNcLzIwMjNcLzExXC9zYWxhLnBuZyIsInNsaWRlc2hvdyI6IjAwYzJhY2YifQ%3D%3D\" href='https:\/\/coemaltda.com.ar\/wp-content\/uploads\/2023\/11\/sala.png'><img loading=\"lazy\" decoding=\"async\" width=\"150\" height=\"150\" src=\"https:\/\/coemaltda.com.ar\/wp-content\/uploads\/2023\/11\/sala-150x150.png\" class=\"attachment-thumbnail size-thumbnail\" alt=\"\" \/><\/a>\n\t\t\t<\/dt><\/dl><br style=\"clear: both\" \/>\n\t\t<\/div>\n\t\t<\/div>\n\t\t\t\t\t\t<\/div>\n\t\t\t\t<\/div>\n\t\t\t\t\t<\/div>\n\t\t<\/div>\n\t\t\t\t\t<\/div>\n\t\t<\/section>\n\t\t\t\t<section class=\"elementor-section elementor-top-section elementor-element elementor-element-f2124f2 elementor-section-boxed elementor-section-height-default elementor-section-height-default\" data-id=\"f2124f2\" data-element_type=\"section\">\n\t\t\t\t\t\t<div class=\"elementor-container elementor-column-gap-default\">\n\t\t\t\t\t<div class=\"elementor-column elementor-col-100 elementor-top-column elementor-element elementor-element-6d13d3c\" data-id=\"6d13d3c\" data-element_type=\"column\">\n\t\t\t<div class=\"elementor-widget-wrap elementor-element-populated\">\n\t\t\t\t\t\t<div class=\"elementor-element elementor-element-d36aa72 elementor-widget-divider--view-line elementor-widget elementor-widget-divider\" data-id=\"d36aa72\" data-element_type=\"widget\" data-widget_type=\"divider.default\">\n\t\t\t\t<div class=\"elementor-widget-container\">\n\t\t\t\t\t\t\t<div class=\"elementor-divider\">\n\t\t\t<span class=\"elementor-divider-separator\">\n\t\t\t\t\t\t<\/span>\n\t\t<\/div>\n\t\t\t\t\t\t<\/div>\n\t\t\t\t<\/div>\n\t\t\t\t\t<\/div>\n\t\t<\/div>\n\t\t\t\t\t<\/div>\n\t\t<\/section>\n\t\t\t\t<section class=\"elementor-section elementor-top-section elementor-element elementor-element-450c004 elementor-section-boxed elementor-section-height-default elementor-section-height-default\" data-id=\"450c004\" data-element_type=\"section\">\n\t\t\t\t\t\t<div class=\"elementor-container elementor-column-gap-default\">\n\t\t\t\t\t<div class=\"elementor-column elementor-col-100 elementor-top-column elementor-element elementor-element-d981ff0\" data-id=\"d981ff0\" data-element_type=\"column\">\n\t\t\t<div class=\"elementor-widget-wrap elementor-element-populated\">\n\t\t\t\t\t\t<div class=\"elementor-element elementor-element-377c7c1 elementor-widget elementor-widget-text-editor\" data-id=\"377c7c1\" data-element_type=\"widget\" data-widget_type=\"text-editor.default\">\n\t\t\t\t<div class=\"elementor-widget-container\">\n\t\t\t\t\t\t\t\t\t<p style=\"text-align: left;\">Un estudio realizado en el a\u00f1o 1961 por la Municipalidad de General Juan Madariaga, preve\u00eda etapas de desenvolvimiento de la Ciudad y el Partido todo, incluyendo ese estudio a las poblaciones balnearias, entonces en su jurisdicci\u00f3n, determinando en su p\u00e1gina 128, tomo II, Planes Regulatorios Urbanos, que: \u201cEl servicio p\u00fablico de electricidad se inicio en el a\u00f1o 1912, con la Usina instalada por la Firma Alfredo A. Mart\u00ednez y Cia., que el 19 de Agosto de ese a\u00f1o fueron contratistas de la concesi\u00f3n Municipal. En el a\u00f1o 1913 las instalaciones fueron transferidas a la firma Casulla, Salvetti y Cia., pasando m\u00e1s tarde a propiedad de J. Gonzaga y CIA. Y finalmente en el a\u00f1o 1939 la concesi\u00f3n qued\u00f3 en manos del Se\u00f1or Luis Schwab.<br \/>El d\u00eda 16 de Diciembre de 1945 se fund\u00f3 la \u201cCooperativa de Electricidad de General Juan Madariaga Limitada\u201d y la Usina, luego de una serie de dificultades superadas, oficialmente fue puesta en manos de la nueva Instituci\u00f3n Vecinal el 1\u00b0 de Mayo de 1950, quedando el Se\u00f1or Luis Schwab hasta el a\u00f1o 1951 como t\u00e9cnico general a cargo de las maquinaria. En esos momentos, el total de Usuarios de la red el\u00e9ctrica era de 909, pero las necesidades eran superiores, quedando numerosas conexiones sin satisfacer, situaci\u00f3n que se prolong\u00f3 hasta el a\u00f1o 1959 en que el n\u00famero de Usuarios era de 1.138, con el agregado de que el suministro se deb\u00eda hacer con restricciones, dada la poca capacidad de la Usina.<br \/>General Juan Madariaga enfrentaba, como otros pueblos, verse trabado en sus aspiraciones de pleno desarrollo, donde el suministro de electricidad era uno de los principales puntales para la incorporaci\u00f3n de modernos sistemas de progreso y aspirar a radicar industrias, con su incidencia en las fuentes de trabajo para la renovaci\u00f3n de las generaciones.<br \/>Fue entonces que un grupo de vecinos se aboc\u00f3 a la tarea de buscar una soluci\u00f3n a futuro y la misma era una \u201cCooperativa\u201d.<br \/>En la campa\u00f1a period\u00edstica se dec\u00eda en ese momento, como lo destacaba el Diario Tribuna all\u00e1 por Octubre del a\u00f1o 1945 con ilustraci\u00f3n que muestra al vecindario colonial leyendo un bando: \u201cEL PUEBLO TRIUNFA cuando defiende una causa que es justiciera. Por eso, el esfuerzo com\u00fan ser\u00e1 una realidad la Cooperativa El\u00e9ctrica en General Juan Madariaga\u201d.<br \/>La difusi\u00f3n casa por casa fue llenando los formularios de incorporaci\u00f3n y finalmente la asamblea de Socios dispuso su fundaci\u00f3n el d\u00eda 16 de Diciembre de 1945.<br \/>Integraron la comisi\u00f3n de gesti\u00f3n los Se\u00f1ores Costa Abelardo, Claverie Isidoro, Reyna Manuel M., Larrondo Sa\u00fal, C\u00f3ccari Gorki , Monteser\u00edn Angel, Muso Sebasti\u00e1n Juan, Andere Eduardo, Marzullo Jos\u00e9, C\u00f3ccari Tolstoi, Pasini H\u00e9ctor M., Martino Cosme, Paredi Pedro, Imbaldi Ger\u00f3nimo, Luna Agust\u00edn, Pel\u00e1ez V\u00edctor, Matienzo Jos\u00e9, Gualla Luis, Maceiras Francisco, Dahur Pedro, Asmar El\u00edas, Zalguizuri Ra\u00fal y Ricci Juan P.<br \/>El primer Consejo de Administraci\u00f3n quedo constituido por: Presidente Costa Abelardo, Vicepresidente Muso Sebasti\u00e1n, Secretario Ricci Juan P., Pro-Secretario C\u00f3ccari Gorki, Tesorero Imbaldi Ger\u00f3nimo, Pro-Tesorero Paredi Pedro M., Vocales:\u00a0 Asmar El\u00edas, Andere Eduardo, Claverie Isidoro, Larrondo Sa\u00fal.\u00a0 Suplentes: Martino Cosme, Maceiras Francisco, Pasini H\u00e9ctor, Abineme Pedro, Corral Felipe.\u00a0 Sindico Titular: Uranga Ferm\u00edn y Sindico Suplente:\u00a0 Varade Ferm\u00edn.<br \/>Durante el ejercicio 1950\/51 y ante la imposibilidad de lograr un motor de la Provincia, se adquiere uno usado de 150 h.p. con generador de 100 Kw.. La sala de m\u00e1quinas debe ser ampliada y empieza a revertirse\u00a0 la escasez en el suministro.<br \/>No obstante, subsisten los mismos impedimentos del origen, y para atender nuevos usuarios, se debi\u00f3 imponer en el siguiente ejercicio, restricciones en los horarios comerciales para utilizar en la mejor forma de capacidad disponible.<br \/>La puesta en vigencia de una nueva Constituci\u00f3n Nacional, abri\u00f3; un nuevo interrogante, por cuanto los servicios p\u00fablicos serian del Estado, abriendo un interrogante sobre el rol que jugar\u00edan las Cooperativas en el futuro, siendo genuinas representantes del inter\u00e9s popular.<br \/>Se previ\u00f3 el ingreso de las Municipalidades, como puntual moral y econ\u00f3mico, lo que es as\u00ed, por cuanto el inter\u00e9s es de todos, sin diferencias al respecto.<br \/>En el ejercicio 1956\/57 y en virtud de que la nueva planta para la transformaci\u00f3n del servicio se har\u00e1 por administraci\u00f3n, se designe una comisi\u00f3n para el control de uso de materiales y administraci\u00f3n, que estaba integrada por los Directivos Se\u00f1ores Ricci Juan P., Sainz Ignacio y Asmar El\u00edas. En ese momento se obtuvo la cesi\u00f3n en alquiler de la Direcci\u00f3n d Energ\u00eda de la Provincia 2 motores Otto Deutz de 300 HP.<br \/>Por solicitud Municipal y teniendo ya en cuenta que los peque\u00f1os servicios encarec\u00edan el suministro, en el a\u00f1o 1959 se cre\u00f3 una Comisi\u00f3n Especial constituida con miembros del Consejo Deliberante y delegados de las Cooperativas de Madariaga, Pinamar y Villa Gesell, que produce un informe aconsejando montar una Central T\u00e9rmica de servicio zonal, con interconexiones para servir a los balnearios, informe que merece la aprobaci\u00f3n de la DEBA. Pasando la propuesta a integrar el plan de electrificaci\u00f3n provincial. Ser\u00eda esta la mejor soluci\u00f3n de un futuro inmediato, en el cual colabora la cooperativa al ceder para ello su propio; local, donde actualmente se empieza el Centro Provincial de abastecimiento y control de interconexi\u00f3n, con reservas para emergencias en la zona.<br \/>El 31 de Mayo de 1964 pudo por fin paralizarse la antigua Sede, y se pas\u00f3 a la nueva planta, con modernos equipos y reestructuraci\u00f3n del personal, entretanto continuaba la preparaci\u00f3n de la ampliaci\u00f3n del Servicio y su ordenamiento de costos, que escapaba a los recursos locales y solo podr\u00eda lograse centralizando operaciones con intervenci\u00f3n de los organismos provinciales.<br \/>Se autorizan la venta de locales y equipos; antiguos, lo que se va cumpliendo paulatinamente.<br \/>En el a\u00f1o 1965 se firmo con la DEBA el convenio para la venta de instalaciones y equipos pas\u00e1ndola Cooperativa local y zonales a ser distribuidoras, con real beneficio por la concentraci\u00f3n de esfuerzos. La firma de dicho convenio se someti\u00f3 a una Asamblea Extraordinaria para el d\u00eda 22\/09\/65, la cual fue aprobada y de conformidad a ello, con fecha 28\/03\/66 se firmo en La Plata el acta de transferencia.<br \/>Con fecha 24 de Julio de 1967 se efectu\u00f3 el traspaso total de instalaciones y personal pasando a la Cooperativa a ejercer la distribuci\u00f3n de energ\u00eda y teniendo como sede administrativa en la calle Sarmiento N\u00b0 980. De esta manera se cierra una etapa de reconquista del servicio el\u00e9ctrico y se abren los surcos de la expansi\u00f3n energ\u00e9tica, con todas sus posibilidades de progreso.<br \/>Con fecha 13\/11\/81 se inaugur\u00f3; el moderno edificio en; la Calle Zubiaurre N\u00b0 248, avanzada; edilicia que incorpora a la Ciudad un motivo de orgullo, clausurando las actividades en el edificio antiguo y una cuota de emoci\u00f3n acompa\u00f1\u00f3 a sus colaboradores en el traslado, quedando atr\u00e1s a\u00f1os empe\u00f1osos, muchos sacrificios, muchos recuerdos y amigos idos.<br \/>El Consejo de Administraci\u00f3n en ese momento estaba integrado por el Presidente Olavarr\u00eda Carlos, Vicepresidente Ricci Juan Carlos, Secretario Tiberio Eduardo Domingo, Tesorero Granados Ra\u00fal Antonio, Vocales: Falabella Eduardo, Mart\u00ednez Jos\u00e9 Luis, Popovich Juan y Sasian Ricardo. Sindico Titular Ricci Alfredo Domingo y Sindico Suplente Cambet Lacoste Jorge O.<br \/>Desde la fundaci\u00f3n de la Cooperativa hasta el presente, los nombres de los vecinos que ocuparon el Cargo de Presidente de la Cooperativa fueron:\u00a0 del a\u00f1o 1950 hasta el a\u00f1o 1961, el Se\u00f1or Paredi Pedro. Del a\u00f1o 1962 hasta el a\u00f1o 1963, Coccari Gorki.\u00a0 Del a\u00f1o 1964 hasta el a\u00f1o 1972, el Se\u00f1or Tiberio Eduardo. Del a\u00f1o 1973 hasta el a\u00f1o 1977, el Doctor Falabella Eduardo. Del a\u00f1o 1977 hasta el a\u00f1o 1982, el Se\u00f1or Tiberio Eduardo. Del a\u00f1o 1983 hasta el a\u00f1o 1984, el Se\u00f1or Ricci Juan Carlos. Del a\u00f1o 1985 hasta el a\u00f1o 1987, el Se\u00f1or Olavarr\u00eda Carlos. Del a\u00f1o 1988 hasta el a\u00f1o 1989, el Doctor Hobaica Julio Cesar. Del a\u00f1o 1990 hasta el a\u00f1o 1991, el Doctor Soto Guillermo. Del a\u00f1o 1992 hasta el a\u00f1o 1994, el Se\u00f1or Ubieta Francisco. Del a\u00f1o 1995 hasta el a\u00f1o 1997, el Se\u00f1or Abait Jos\u00e9. Del a\u00f1o 1998 hasta el 2000, el Se\u00f1or Garmendia Oscar Ram\u00f3n. Del a\u00f1o 2001 hasta el 2006, el Ingeniero Bereilh Carlos Alberto. Del a\u00f1o 2006 hasta el a\u00f1o hasta el 2012, el Se\u00f1or Garmendia Oscar Ram\u00f3n y del a\u00f1o 2012 hasta el presente, a\u00f1o 2015, el Ingeniero Bereilh Carlos Alberto.<br \/>El Consejo de Administraci\u00f3n actual est\u00e1 integrado por su Presidente Ingeniero Bereilh Carlos Alberto, Vicepresidente Garmendia Oscar Ram\u00f3n, Secretario Lorente Rodolfo Severino, Tesorero Rusineck Gustavo Camilo, vocales:; C\u00f3rdoba Rogelio, Sainz Carlos Alberto, Zanini Carlos, Soto Guillermo y Velarde Ricardo Lucas.<br \/>Con lo expuesto, se ha pretendido dar una imagen general de una Entidad Local, creada por su Pueblo en la integraci\u00f3n de nobles actitudes pudiendo el inter\u00e9s de cada uno, prolongar el an\u00e1lisis y las conclusiones siempre factibles en el desempe\u00f1o humano.<br \/>Bastar\u00e1 expresar que la Cooperativa es una Asociaci\u00f3n de Personas, voluntarias, libres, democr\u00e1ticas, moral, que persiguen su emancipaci\u00f3n econ\u00f3mica mediante una empresa com\u00fan.<br \/>Por \u00faltimo y como una reflexi\u00f3n final nos atrevemos a pensar que:<br \/>&#8211; Algunas personas dijeron: es posible pero muy dif\u00edcil\u2026; Ellos dijeron: es dif\u00edcil pero no imposible.<br \/>&#8211; Algunas personas pensaron: Ese no es mi trabajo. Ellos dijeron: d\u00e9jenme hacerlo a m\u00ed\u2026\u2026\u2026.<br \/>&#8211; Algunos sufrieron calamidades y claudicaron. Ellos vieron continuidad en cada adversidad.<br \/>&#8211; Algunos tuvieron excusas. Ellos tuvieron proyectos.<br \/>Aquellos fueron olvidados, pero a ellos, nuestros pioneros y a todos los que les sucedieron en estos setenta a\u00f1os de historia Cooperativa, los recordamos sabiendo que el mejor homenaje es continuar su obra.<\/p>\t\t\t\t\t\t\t\t<\/div>\n\t\t\t\t<\/div>\n\t\t\t\t\t<\/div>\n\t\t<\/div>\n\t\t\t\t\t<\/div>\n\t\t<\/section>\n\t\t\t\t<section class=\"elementor-section elementor-top-section elementor-element elementor-element-11f1be1 elementor-section-boxed elementor-section-height-default elementor-section-height-default\" data-id=\"11f1be1\" data-element_type=\"section\">\n\t\t\t\t\t\t<div class=\"elementor-container elementor-column-gap-default\">\n\t\t\t\t\t<div class=\"elementor-column elementor-col-100 elementor-top-column elementor-element elementor-element-7ff4267\" data-id=\"7ff4267\" data-element_type=\"column\">\n\t\t\t<div class=\"elementor-widget-wrap elementor-element-populated\">\n\t\t\t\t\t\t<div class=\"elementor-element elementor-element-bd55fba elementor-widget-divider--view-line elementor-widget elementor-widget-divider\" data-id=\"bd55fba\" data-element_type=\"widget\" data-widget_type=\"divider.default\">\n\t\t\t\t<div class=\"elementor-widget-container\">\n\t\t\t\t\t\t\t<div class=\"elementor-divider\">\n\t\t\t<span class=\"elementor-divider-separator\">\n\t\t\t\t\t\t<\/span>\n\t\t<\/div>\n\t\t\t\t\t\t<\/div>\n\t\t\t\t<\/div>\n\t\t\t\t\t<\/div>\n\t\t<\/div>\n\t\t\t\t\t<\/div>\n\t\t<\/section>\n\t\t\t\t<section class=\"elementor-section elementor-top-section elementor-element elementor-element-4409557 elementor-section-boxed elementor-section-height-default elementor-section-height-default\" data-id=\"4409557\" data-element_type=\"section\">\n\t\t\t\t\t\t<div class=\"elementor-container elementor-column-gap-default\">\n\t\t\t\t\t<div class=\"elementor-column elementor-col-33 elementor-top-column elementor-element elementor-element-ec5eae9\" data-id=\"ec5eae9\" data-element_type=\"column\">\n\t\t\t<div class=\"elementor-widget-wrap\">\n\t\t\t\t\t\t\t<\/div>\n\t\t<\/div>\n\t\t\t\t<div class=\"elementor-column elementor-col-33 elementor-top-column elementor-element elementor-element-7fe0eda\" data-id=\"7fe0eda\" data-element_type=\"column\">\n\t\t\t<div class=\"elementor-widget-wrap elementor-element-populated\">\n\t\t\t\t\t\t\t<\/div>\n\t\t<\/div>\n\t\t\t\t<div class=\"elementor-column elementor-col-33 elementor-top-column elementor-element elementor-element-d35e2e8\" data-id=\"d35e2e8\" data-element_type=\"column\">\n\t\t\t<div class=\"elementor-widget-wrap elementor-element-populated\">\n\t\t\t\t\t\t<div class=\"elementor-element elementor-element-617a6e3 elementor-widget elementor-widget-heading\" data-id=\"617a6e3\" data-element_type=\"widget\" data-widget_type=\"heading.default\">\n\t\t\t\t<div class=\"elementor-widget-container\">\n\t\t\t\t\t<h2 class=\"elementor-heading-title elementor-size-default\"><a href=\"http:\/\/webmail.coemaltda.com.ar\/src\/login.php\" target=\"_blank\">&gt; Webmail<\/a><\/h2>\t\t\t\t<\/div>\n\t\t\t\t<\/div>\n\t\t\t\t\t<\/div>\n\t\t<\/div>\n\t\t\t\t\t<\/div>\n\t\t<\/section>\n\t\t\t\t<section class=\"elementor-section elementor-top-section elementor-element elementor-element-81192fc elementor-section-boxed elementor-section-height-default elementor-section-height-default\" data-id=\"81192fc\" data-element_type=\"section\">\n\t\t\t\t\t\t<div class=\"elementor-container elementor-column-gap-default\">\n\t\t\t\t\t<div class=\"elementor-column elementor-col-100 elementor-top-column elementor-element elementor-element-2a8be05\" data-id=\"2a8be05\" data-element_type=\"column\">\n\t\t\t<div class=\"elementor-widget-wrap elementor-element-populated\">\n\t\t\t\t\t\t<div class=\"elementor-element elementor-element-f5d248b elementor-widget-divider--view-line elementor-widget elementor-widget-divider\" data-id=\"f5d248b\" data-element_type=\"widget\" data-widget_type=\"divider.default\">\n\t\t\t\t<div class=\"elementor-widget-container\">\n\t\t\t\t\t\t\t<div class=\"elementor-divider\">\n\t\t\t<span class=\"elementor-divider-separator\">\n\t\t\t\t\t\t<\/span>\n\t\t<\/div>\n\t\t\t\t\t\t<\/div>\n\t\t\t\t<\/div>\n\t\t\t\t\t<\/div>\n\t\t<\/div>\n\t\t\t\t\t<\/div>\n\t\t<\/section>\n\t\t\t\t<\/div>\n\t\t","protected":false},"excerpt":{"rendered":"<p>La Cooperativa Un estudio realizado en el a\u00f1o 1961 por la Municipalidad de General Juan Madariaga, preve\u00eda etapas de desenvolvimiento de la Ciudad y el Partido todo, incluyendo ese estudio a las poblaciones balnearias, entonces en su jurisdicci\u00f3n, determinando en su p\u00e1gina 128, tomo II, Planes Regulatorios Urbanos, que: \u201cEl servicio p\u00fablico de electricidad se&hellip;&nbsp;<a href=\"https:\/\/coemaltda.com.ar\/index.php\/cooperativa\/\" class=\"\" rel=\"bookmark\">Leer m\u00e1s &raquo;<span class=\"screen-reader-text\">Cooperativa<\/span><\/a><\/p>\n","protected":false},"author":1,"featured_media":0,"parent":0,"menu_order":0,"comment_status":"closed","ping_status":"closed","template":"page-templates\/template-pagebuilder-full-width.php","meta":{"footnotes":""},"class_list":["post-184","page","type-page","status-publish","hentry"],"_links":{"self":[{"href":"https:\/\/coemaltda.com.ar\/index.php\/wp-json\/wp\/v2\/pages\/184","targetHints":{"allow":["GET"]}}],"collection":[{"href":"https:\/\/coemaltda.com.ar\/index.php\/wp-json\/wp\/v2\/pages"}],"about":[{"href":"https:\/\/coemaltda.com.ar\/index.php\/wp-json\/wp\/v2\/types\/page"}],"author":[{"embeddable":true,"href":"https:\/\/coemaltda.com.ar\/index.php\/wp-json\/wp\/v2\/users\/1"}],"replies":[{"embeddable":true,"href":"https:\/\/coemaltda.com.ar\/index.php\/wp-json\/wp\/v2\/comments?post=184"}],"version-history":[{"count":137,"href":"https:\/\/coemaltda.com.ar\/index.php\/wp-json\/wp\/v2\/pages\/184\/revisions"}],"predecessor-version":[{"id":2618,"href":"https:\/\/coemaltda.com.ar\/index.php\/wp-json\/wp\/v2\/pages\/184\/revisions\/2618"}],"wp:attachment":[{"href":"https:\/\/coemaltda.com.ar\/index.php\/wp-json\/wp\/v2\/media?parent=184"}],"curies":[{"name":"wp","href":"https:\/\/api.w.org\/{rel}","templated":true}]}}