{"id":1796,"date":"2022-06-29T20:31:02","date_gmt":"2022-06-29T23:31:02","guid":{"rendered":"https:\/\/coemaltda.com.ar\/?page_id=1796"},"modified":"2025-06-29T09:39:16","modified_gmt":"2025-06-29T12:39:16","slug":"atencion-al-usuario","status":"publish","type":"page","link":"https:\/\/coemaltda.com.ar\/index.php\/atencion-al-usuario\/","title":{"rendered":"Atenci\u00f3n al usuario"},"content":{"rendered":"\t\t<div data-elementor-type=\"wp-page\" data-elementor-id=\"1796\" class=\"elementor elementor-1796\">\n\t\t\t\t\t\t<section class=\"elementor-section elementor-top-section elementor-element elementor-element-b7804a0 elementor-section-boxed elementor-section-height-default elementor-section-height-default\" data-id=\"b7804a0\" data-element_type=\"section\">\n\t\t\t\t\t\t<div class=\"elementor-container elementor-column-gap-default\">\n\t\t\t\t\t<div class=\"elementor-column elementor-col-100 elementor-top-column elementor-element elementor-element-c13ec9c\" data-id=\"c13ec9c\" data-element_type=\"column\">\n\t\t\t<div class=\"elementor-widget-wrap elementor-element-populated\">\n\t\t\t\t\t\t<div class=\"elementor-element elementor-element-79df342 elementor-widget elementor-widget-heading\" data-id=\"79df342\" data-element_type=\"widget\" data-widget_type=\"heading.default\">\n\t\t\t\t<div class=\"elementor-widget-container\">\n\t\t\t\t\t<h2 class=\"elementor-heading-title elementor-size-default\">Atenci\u00f3n al usuario<\/h2>\t\t\t\t<\/div>\n\t\t\t\t<\/div>\n\t\t\t\t\t<\/div>\n\t\t<\/div>\n\t\t\t\t\t<\/div>\n\t\t<\/section>\n\t\t\t\t<section class=\"elementor-section elementor-top-section elementor-element elementor-element-79f812f elementor-section-boxed elementor-section-height-default elementor-section-height-default\" data-id=\"79f812f\" data-element_type=\"section\">\n\t\t\t\t\t\t<div class=\"elementor-container elementor-column-gap-default\">\n\t\t\t\t\t<div class=\"elementor-column elementor-col-33 elementor-top-column elementor-element elementor-element-86bfcfb\" data-id=\"86bfcfb\" data-element_type=\"column\">\n\t\t\t<div class=\"elementor-widget-wrap elementor-element-populated\">\n\t\t\t\t\t\t<div class=\"elementor-element elementor-element-a8b3ab2 elementor-widget elementor-widget-heading\" data-id=\"a8b3ab2\" data-element_type=\"widget\" data-widget_type=\"heading.default\">\n\t\t\t\t<div class=\"elementor-widget-container\">\n\t\t\t\t\t<h5 class=\"elementor-heading-title elementor-size-medium\"><b>ATENCION AL PUBLICO:<\/b><br><br>Lunes a viernes de 7 a 14 horas<br>Sector cobranza de 7 a 13 horas<br><br><b>RECLAMOS COMERCIALES:<\/b><br><br>0800-555-2636<br>2267-42-4347 \/ 4508<br>2267-55-4347 \/ 4508 \/ 4509<br><\/h5>\t\t\t\t<\/div>\n\t\t\t\t<\/div>\n\t\t\t\t\t<\/div>\n\t\t<\/div>\n\t\t\t\t<div class=\"elementor-column elementor-col-33 elementor-top-column elementor-element elementor-element-2c7505a\" data-id=\"2c7505a\" data-element_type=\"column\">\n\t\t\t<div class=\"elementor-widget-wrap elementor-element-populated\">\n\t\t\t\t\t\t<div class=\"elementor-element elementor-element-b2f0d01 elementor-widget elementor-widget-heading\" data-id=\"b2f0d01\" data-element_type=\"widget\" data-widget_type=\"heading.default\">\n\t\t\t\t<div class=\"elementor-widget-container\">\n\t\t\t\t\t<h5 class=\"elementor-heading-title elementor-size-medium\"><b>RECLAMOS TECNICOS:<\/b><br><br>0810-222-2589<br><br><b>INTERNOS:<\/b><br><br>11 Secretar\u00eda<br>12 Reclamos<br>16 Facturaci\u00f3n<br>17 Accionistas<br>18 Cajas<br>19 Contadur\u00eda<br>22 Jefatura de redes\n<\/h5>\t\t\t\t<\/div>\n\t\t\t\t<\/div>\n\t\t\t\t\t<\/div>\n\t\t<\/div>\n\t\t\t\t<div class=\"elementor-column elementor-col-33 elementor-top-column elementor-element elementor-element-05713b5\" data-id=\"05713b5\" data-element_type=\"column\">\n\t\t\t<div class=\"elementor-widget-wrap elementor-element-populated\">\n\t\t\t\t\t\t<div class=\"elementor-element elementor-element-733f0d1 elementor-widget elementor-widget-heading\" data-id=\"733f0d1\" data-element_type=\"widget\" data-widget_type=\"heading.default\">\n\t\t\t\t<div class=\"elementor-widget-container\">\n\t\t\t\t\t<h5 class=\"elementor-heading-title elementor-size-medium\"><b>E-MAIL:<\/b><br><br>coema@telpin.com.ar<br>atencionalcliente@coemaltda.com.ar<br>coematecnica@telpin.com.ar<br>contaduria@coemaltda.com.ar<br><\/h5>\t\t\t\t<\/div>\n\t\t\t\t<\/div>\n\t\t\t\t\t<\/div>\n\t\t<\/div>\n\t\t\t\t\t<\/div>\n\t\t<\/section>\n\t\t\t\t<\/div>\n\t\t","protected":false},"excerpt":{"rendered":"<p>Atenci\u00f3n al usuario ATENCION AL PUBLICO: Lunes a viernes de 7 a 14 horasSector cobranza de 7 a 13 horas RECLAMOS COMERCIALES: 0800-555-26362267-42-4347 \/ 45082267-55-4347 \/ 4508 \/ 4509 RECLAMOS TECNICOS: 0810-222-2589 INTERNOS: 11 Secretar\u00eda12 Reclamos16 Facturaci\u00f3n17 Accionistas18 Cajas19 Contadur\u00eda22 Jefatura de redes E-MAIL: coema@telpin.com.aratencionalcliente@coemaltda.com.arcoematecnica@telpin.com.arcontaduria@coemaltda.com.ar<\/p>\n","protected":false},"author":1,"featured_media":0,"parent":0,"menu_order":0,"comment_status":"closed","ping_status":"closed","template":"page-templates\/template-pagebuilder-full-width.php","meta":{"footnotes":""},"class_list":["post-1796","page","type-page","status-publish","hentry"],"_links":{"self":[{"href":"https:\/\/coemaltda.com.ar\/index.php\/wp-json\/wp\/v2\/pages\/1796","targetHints":{"allow":["GET"]}}],"collection":[{"href":"https:\/\/coemaltda.com.ar\/index.php\/wp-json\/wp\/v2\/pages"}],"about":[{"href":"https:\/\/coemaltda.com.ar\/index.php\/wp-json\/wp\/v2\/types\/page"}],"author":[{"embeddable":true,"href":"https:\/\/coemaltda.com.ar\/index.php\/wp-json\/wp\/v2\/users\/1"}],"replies":[{"embeddable":true,"href":"https:\/\/coemaltda.com.ar\/index.php\/wp-json\/wp\/v2\/comments?post=1796"}],"version-history":[{"count":86,"href":"https:\/\/coemaltda.com.ar\/index.php\/wp-json\/wp\/v2\/pages\/1796\/revisions"}],"predecessor-version":[{"id":2813,"href":"https:\/\/coemaltda.com.ar\/index.php\/wp-json\/wp\/v2\/pages\/1796\/revisions\/2813"}],"wp:attachment":[{"href":"https:\/\/coemaltda.com.ar\/index.php\/wp-json\/wp\/v2\/media?parent=1796"}],"curies":[{"name":"wp","href":"https:\/\/api.w.org\/{rel}","templated":true}]}}