{"id":1789,"date":"2022-06-29T20:02:04","date_gmt":"2022-06-29T23:02:04","guid":{"rendered":"https:\/\/coemaltda.com.ar\/?page_id=1789"},"modified":"2025-06-20T19:40:25","modified_gmt":"2025-06-20T22:40:25","slug":"medios-de-pago","status":"publish","type":"page","link":"https:\/\/coemaltda.com.ar\/index.php\/medios-de-pago\/","title":{"rendered":"Medios de pago"},"content":{"rendered":"\t\t<div data-elementor-type=\"wp-page\" data-elementor-id=\"1789\" class=\"elementor elementor-1789\">\n\t\t\t\t\t\t<section class=\"elementor-section elementor-top-section elementor-element elementor-element-1786f9b elementor-section-boxed elementor-section-height-default elementor-section-height-default\" data-id=\"1786f9b\" data-element_type=\"section\">\n\t\t\t\t\t\t<div class=\"elementor-container elementor-column-gap-default\">\n\t\t\t\t\t<div class=\"elementor-column elementor-col-100 elementor-top-column elementor-element elementor-element-c6188b5\" data-id=\"c6188b5\" data-element_type=\"column\">\n\t\t\t<div class=\"elementor-widget-wrap elementor-element-populated\">\n\t\t\t\t\t\t<div class=\"elementor-element elementor-element-ccbc1f1 elementor-widget elementor-widget-heading\" data-id=\"ccbc1f1\" data-element_type=\"widget\" data-widget_type=\"heading.default\">\n\t\t\t\t<div class=\"elementor-widget-container\">\n\t\t\t\t\t<h2 class=\"elementor-heading-title elementor-size-default\">Medios de pago<\/h2>\t\t\t\t<\/div>\n\t\t\t\t<\/div>\n\t\t\t\t\t<\/div>\n\t\t<\/div>\n\t\t\t\t\t<\/div>\n\t\t<\/section>\n\t\t\t\t<section class=\"elementor-section elementor-top-section elementor-element elementor-element-3552a88 elementor-section-boxed elementor-section-height-default elementor-section-height-default\" data-id=\"3552a88\" data-element_type=\"section\">\n\t\t\t\t\t\t<div class=\"elementor-container elementor-column-gap-default\">\n\t\t\t\t\t<div class=\"elementor-column elementor-col-100 elementor-top-column elementor-element elementor-element-f144220\" data-id=\"f144220\" data-element_type=\"column\">\n\t\t\t<div class=\"elementor-widget-wrap elementor-element-populated\">\n\t\t\t\t\t\t<div class=\"elementor-element elementor-element-093daef elementor-widget elementor-widget-heading\" data-id=\"093daef\" data-element_type=\"widget\" data-widget_type=\"heading.default\">\n\t\t\t\t<div class=\"elementor-widget-container\">\n\t\t\t\t\t<h5 class=\"elementor-heading-title elementor-size-medium\">COEMA Ltda. Recuerda a todos sus usuarios que podr\u00e1n abonar las facturas de consumo por lo siguientes medios:<br>Tel\u00e9fono 0800-555-2636 las 24 horas<br> <\/h5>\t\t\t\t<\/div>\n\t\t\t\t<\/div>\n\t\t\t\t\t<\/div>\n\t\t<\/div>\n\t\t\t\t\t<\/div>\n\t\t<\/section>\n\t\t\t\t<section class=\"elementor-section elementor-top-section elementor-element elementor-element-4c2a39b elementor-section-boxed elementor-section-height-default elementor-section-height-default\" data-id=\"4c2a39b\" data-element_type=\"section\">\n\t\t\t\t\t\t<div class=\"elementor-container elementor-column-gap-default\">\n\t\t\t\t\t<div class=\"elementor-column elementor-col-50 elementor-top-column elementor-element elementor-element-b1cb709\" data-id=\"b1cb709\" data-element_type=\"column\">\n\t\t\t<div class=\"elementor-widget-wrap\">\n\t\t\t\t\t\t\t<\/div>\n\t\t<\/div>\n\t\t\t\t<div class=\"elementor-column elementor-col-50 elementor-top-column elementor-element elementor-element-96430cd\" data-id=\"96430cd\" data-element_type=\"column\">\n\t\t\t<div class=\"elementor-widget-wrap elementor-element-populated\">\n\t\t\t\t\t\t<div class=\"elementor-element elementor-element-b7085f2 elementor-widget elementor-widget-text-editor\" data-id=\"b7085f2\" data-element_type=\"widget\" data-widget_type=\"text-editor.default\">\n\t\t\t\t<div class=\"elementor-widget-container\">\n\t\t\t\t\t\t\t\t\t<p style=\"margin: 0cm; margin-bottom: .0001pt;\"><span style=\"color: black; font-family: Calibri, 'sans-serif'; font-size: 18pt;\">&#8211; Banco de la Naci\u00f3n Argentina sucursal Gral. Madariaga.<\/span><\/p><p style=\"margin: 0cm; margin-bottom: .0001pt;\"><span style=\"font-size: 18.0pt; font-family: 'Calibri','sans-serif'; mso-ascii-theme-font: minor-latin; mso-hansi-theme-font: minor-latin; mso-bidi-theme-font: minor-latin; color: black;\">&#8211; Banco de la Provincia de Buenos Aires en todas sus sucursales.<\/span><\/p><p style=\"margin: 0cm; margin-bottom: .0001pt;\"><span style=\"color: #000000; font-family: Calibri, 'sans-serif'; font-size: 24px;\">&#8211; Pago F\u00e1cil.<\/span><\/p><p style=\"margin: 0cm; margin-bottom: .0001pt;\"><span style=\"color: #000000; font-family: Calibri, 'sans-serif'; font-size: 24px;\">&#8211; Pago Mis Cuentas.<\/span><\/p><p style=\"margin: 0cm; margin-bottom: .0001pt;\"><span style=\"color: #000000; font-family: Calibri, 'sans-serif'; font-size: 24px;\">&#8211; Red Link.<\/span><\/p><p style=\"margin: 0cm; margin-bottom: .0001pt;\"><span style=\"color: #000000; font-family: Calibri, 'sans-serif'; font-size: 24px;\">&#8211; Tarjeta de d\u00e9bito.<\/span><\/p><p style=\"margin: 0cm; margin-bottom: .0001pt;\"><span style=\"color: #000000; font-family: Calibri, 'sans-serif'; font-size: 24px;\">&#8211; Tarjeta de cr\u00e9dito.<\/span><\/p><p style=\"margin: 0cm; margin-bottom: .0001pt;\"><span style=\"color: #000000; font-family: Calibri, 'sans-serif'; font-size: 24px;\">&#8211; Debito autom\u00e1tico cr\u00e9dito VISA.<\/span><\/p><p style=\"margin: 0cm; margin-bottom: .0001pt;\">\u00a0<\/p>\t\t\t\t\t\t\t\t<\/div>\n\t\t\t\t<\/div>\n\t\t\t\t\t<\/div>\n\t\t<\/div>\n\t\t\t\t\t<\/div>\n\t\t<\/section>\n\t\t\t\t<section class=\"elementor-section elementor-top-section elementor-element elementor-element-ccda9a8 elementor-section-boxed elementor-section-height-default elementor-section-height-default\" data-id=\"ccda9a8\" data-element_type=\"section\">\n\t\t\t\t\t\t<div class=\"elementor-container elementor-column-gap-default\">\n\t\t\t\t\t<div class=\"elementor-column elementor-col-12 elementor-top-column elementor-element elementor-element-9c52b10\" data-id=\"9c52b10\" data-element_type=\"column\">\n\t\t\t<div class=\"elementor-widget-wrap\">\n\t\t\t\t\t\t\t<\/div>\n\t\t<\/div>\n\t\t\t\t<div class=\"elementor-column elementor-col-12 elementor-top-column elementor-element elementor-element-b10428d\" data-id=\"b10428d\" data-element_type=\"column\">\n\t\t\t<div class=\"elementor-widget-wrap elementor-element-populated\">\n\t\t\t\t\t\t<div class=\"elementor-element elementor-element-b0e95ad elementor-widget elementor-widget-image\" data-id=\"b0e95ad\" data-element_type=\"widget\" data-widget_type=\"image.default\">\n\t\t\t\t<div class=\"elementor-widget-container\">\n\t\t\t\t\t\t\t\t\t\t\t\t\t\t\t<img decoding=\"async\" width=\"130\" height=\"130\" src=\"https:\/\/coemaltda.com.ar\/wp-content\/uploads\/2023\/11\/banconacion.png\" class=\"attachment-large size-large wp-image-2342\" alt=\"\" \/>\t\t\t\t\t\t\t\t\t\t\t\t\t\t\t<\/div>\n\t\t\t\t<\/div>\n\t\t\t\t\t<\/div>\n\t\t<\/div>\n\t\t\t\t<div class=\"elementor-column elementor-col-12 elementor-top-column elementor-element elementor-element-65b1e78\" data-id=\"65b1e78\" data-element_type=\"column\">\n\t\t\t<div class=\"elementor-widget-wrap elementor-element-populated\">\n\t\t\t\t\t\t<div class=\"elementor-element elementor-element-146124a elementor-widget elementor-widget-image\" data-id=\"146124a\" data-element_type=\"widget\" data-widget_type=\"image.default\">\n\t\t\t\t<div class=\"elementor-widget-container\">\n\t\t\t\t\t\t\t\t\t\t\t\t\t\t\t<img decoding=\"async\" width=\"149\" height=\"149\" src=\"https:\/\/coemaltda.com.ar\/wp-content\/uploads\/2023\/11\/bcopcia.png\" class=\"attachment-large size-large wp-image-2345\" alt=\"\" \/>\t\t\t\t\t\t\t\t\t\t\t\t\t\t\t<\/div>\n\t\t\t\t<\/div>\n\t\t\t\t\t<\/div>\n\t\t<\/div>\n\t\t\t\t<div class=\"elementor-column elementor-col-12 elementor-top-column elementor-element elementor-element-263c043\" data-id=\"263c043\" data-element_type=\"column\">\n\t\t\t<div class=\"elementor-widget-wrap elementor-element-populated\">\n\t\t\t\t\t\t<div class=\"elementor-element elementor-element-0f7caae elementor-widget elementor-widget-image\" data-id=\"0f7caae\" data-element_type=\"widget\" data-widget_type=\"image.default\">\n\t\t\t\t<div class=\"elementor-widget-container\">\n\t\t\t\t\t\t\t\t\t\t\t\t\t\t\t<img decoding=\"async\" width=\"157\" height=\"161\" src=\"https:\/\/coemaltda.com.ar\/wp-content\/uploads\/2023\/11\/pagofacil.png\" class=\"attachment-large size-large wp-image-2347\" alt=\"\" \/>\t\t\t\t\t\t\t\t\t\t\t\t\t\t\t<\/div>\n\t\t\t\t<\/div>\n\t\t\t\t\t<\/div>\n\t\t<\/div>\n\t\t\t\t<div class=\"elementor-column elementor-col-12 elementor-top-column elementor-element elementor-element-55db75d\" data-id=\"55db75d\" data-element_type=\"column\">\n\t\t\t<div class=\"elementor-widget-wrap elementor-element-populated\">\n\t\t\t\t\t\t<div class=\"elementor-element elementor-element-f4e4070 elementor-widget elementor-widget-image\" data-id=\"f4e4070\" data-element_type=\"widget\" data-widget_type=\"image.default\">\n\t\t\t\t<div class=\"elementor-widget-container\">\n\t\t\t\t\t\t\t\t\t\t\t\t\t\t\t<img loading=\"lazy\" decoding=\"async\" width=\"160\" height=\"160\" src=\"https:\/\/coemaltda.com.ar\/wp-content\/uploads\/2023\/11\/pagomiscuentas.jpg\" class=\"attachment-large size-large wp-image-2466\" alt=\"\" srcset=\"https:\/\/coemaltda.com.ar\/wp-content\/uploads\/2023\/11\/pagomiscuentas.jpg 160w, https:\/\/coemaltda.com.ar\/wp-content\/uploads\/2023\/11\/pagomiscuentas-150x150.jpg 150w\" sizes=\"(max-width: 160px) 100vw, 160px\" \/>\t\t\t\t\t\t\t\t\t\t\t\t\t\t\t<\/div>\n\t\t\t\t<\/div>\n\t\t\t\t\t<\/div>\n\t\t<\/div>\n\t\t\t\t<div class=\"elementor-column elementor-col-12 elementor-top-column elementor-element elementor-element-cea9414\" data-id=\"cea9414\" data-element_type=\"column\">\n\t\t\t<div class=\"elementor-widget-wrap elementor-element-populated\">\n\t\t\t\t\t\t<div class=\"elementor-element elementor-element-23bbf3a elementor-widget elementor-widget-image\" data-id=\"23bbf3a\" data-element_type=\"widget\" data-widget_type=\"image.default\">\n\t\t\t\t<div class=\"elementor-widget-container\">\n\t\t\t\t\t\t\t\t\t\t\t\t\t\t\t<img loading=\"lazy\" decoding=\"async\" width=\"144\" height=\"144\" src=\"https:\/\/coemaltda.com.ar\/wp-content\/uploads\/2023\/11\/pagolink.png\" class=\"attachment-large size-large wp-image-2348\" alt=\"\" \/>\t\t\t\t\t\t\t\t\t\t\t\t\t\t\t<\/div>\n\t\t\t\t<\/div>\n\t\t\t\t\t<\/div>\n\t\t<\/div>\n\t\t\t\t<div class=\"elementor-column elementor-col-12 elementor-top-column elementor-element elementor-element-5552dbb\" data-id=\"5552dbb\" data-element_type=\"column\">\n\t\t\t<div class=\"elementor-widget-wrap elementor-element-populated\">\n\t\t\t\t\t\t<div class=\"elementor-element elementor-element-0b14e59 elementor-widget elementor-widget-image\" data-id=\"0b14e59\" data-element_type=\"widget\" data-widget_type=\"image.default\">\n\t\t\t\t<div class=\"elementor-widget-container\">\n\t\t\t\t\t\t\t\t\t\t\t\t\t\t\t<img loading=\"lazy\" decoding=\"async\" width=\"187\" height=\"117\" src=\"https:\/\/coemaltda.com.ar\/wp-content\/uploads\/2023\/11\/logo-visa.png\" class=\"attachment-large size-large wp-image-2462\" alt=\"\" \/>\t\t\t\t\t\t\t\t\t\t\t\t\t\t\t<\/div>\n\t\t\t\t<\/div>\n\t\t\t\t\t<\/div>\n\t\t<\/div>\n\t\t\t\t<div class=\"elementor-column elementor-col-12 elementor-top-column elementor-element elementor-element-ebb9de7\" data-id=\"ebb9de7\" data-element_type=\"column\">\n\t\t\t<div class=\"elementor-widget-wrap\">\n\t\t\t\t\t\t\t<\/div>\n\t\t<\/div>\n\t\t\t\t\t<\/div>\n\t\t<\/section>\n\t\t\t\t<\/div>\n\t\t","protected":false},"excerpt":{"rendered":"<p>Medios de pago COEMA Ltda. Recuerda a todos sus usuarios que podr\u00e1n abonar las facturas de consumo por lo siguientes medios:Tel\u00e9fono 0800-555-2636 las 24 horas &#8211; Banco de la Naci\u00f3n Argentina sucursal Gral. Madariaga. &#8211; Banco de la Provincia de Buenos Aires en todas sus sucursales. &#8211; Pago F\u00e1cil. &#8211; Pago Mis Cuentas. &#8211; Red&hellip;&nbsp;<a href=\"https:\/\/coemaltda.com.ar\/index.php\/medios-de-pago\/\" class=\"\" rel=\"bookmark\">Leer m\u00e1s &raquo;<span class=\"screen-reader-text\">Medios de pago<\/span><\/a><\/p>\n","protected":false},"author":1,"featured_media":0,"parent":0,"menu_order":0,"comment_status":"closed","ping_status":"closed","template":"page-templates\/template-pagebuilder-full-width.php","meta":{"footnotes":""},"class_list":["post-1789","page","type-page","status-publish","hentry"],"_links":{"self":[{"href":"https:\/\/coemaltda.com.ar\/index.php\/wp-json\/wp\/v2\/pages\/1789","targetHints":{"allow":["GET"]}}],"collection":[{"href":"https:\/\/coemaltda.com.ar\/index.php\/wp-json\/wp\/v2\/pages"}],"about":[{"href":"https:\/\/coemaltda.com.ar\/index.php\/wp-json\/wp\/v2\/types\/page"}],"author":[{"embeddable":true,"href":"https:\/\/coemaltda.com.ar\/index.php\/wp-json\/wp\/v2\/users\/1"}],"replies":[{"embeddable":true,"href":"https:\/\/coemaltda.com.ar\/index.php\/wp-json\/wp\/v2\/comments?post=1789"}],"version-history":[{"count":37,"href":"https:\/\/coemaltda.com.ar\/index.php\/wp-json\/wp\/v2\/pages\/1789\/revisions"}],"predecessor-version":[{"id":2624,"href":"https:\/\/coemaltda.com.ar\/index.php\/wp-json\/wp\/v2\/pages\/1789\/revisions\/2624"}],"wp:attachment":[{"href":"https:\/\/coemaltda.com.ar\/index.php\/wp-json\/wp\/v2\/media?parent=1789"}],"curies":[{"name":"wp","href":"https:\/\/api.w.org\/{rel}","templated":true}]}}