{"id":1771,"date":"2022-06-28T20:27:33","date_gmt":"2022-06-28T23:27:33","guid":{"rendered":"https:\/\/coemaltda.com.ar\/?page_id=1771"},"modified":"2025-06-29T10:11:58","modified_gmt":"2025-06-29T13:11:58","slug":"energia","status":"publish","type":"page","link":"https:\/\/coemaltda.com.ar\/index.php\/energia\/","title":{"rendered":"energia"},"content":{"rendered":"\t\t<div data-elementor-type=\"wp-page\" data-elementor-id=\"1771\" class=\"elementor elementor-1771\">\n\t\t\t\t\t\t<section class=\"elementor-section elementor-top-section elementor-element elementor-element-e5fb3b5 elementor-section-boxed elementor-section-height-default elementor-section-height-default\" data-id=\"e5fb3b5\" data-element_type=\"section\">\n\t\t\t\t\t\t<div class=\"elementor-container elementor-column-gap-default\">\n\t\t\t\t\t<div class=\"elementor-column elementor-col-100 elementor-top-column elementor-element elementor-element-f894d5f\" data-id=\"f894d5f\" data-element_type=\"column\">\n\t\t\t<div class=\"elementor-widget-wrap elementor-element-populated\">\n\t\t\t\t\t\t<div class=\"elementor-element elementor-element-3526d77 elementor-widget elementor-widget-heading\" data-id=\"3526d77\" data-element_type=\"widget\" data-widget_type=\"heading.default\">\n\t\t\t\t<div class=\"elementor-widget-container\">\n\t\t\t\t\t<h2 class=\"elementor-heading-title elementor-size-default\">Energ\u00eda el\u00e9ctrica<\/h2>\t\t\t\t<\/div>\n\t\t\t\t<\/div>\n\t\t\t\t\t<\/div>\n\t\t<\/div>\n\t\t\t\t\t<\/div>\n\t\t<\/section>\n\t\t\t\t<section class=\"elementor-section elementor-top-section elementor-element elementor-element-d5c29f8 elementor-section-boxed elementor-section-height-default elementor-section-height-default\" data-id=\"d5c29f8\" data-element_type=\"section\">\n\t\t\t\t\t\t\t<div class=\"elementor-background-overlay\"><\/div>\n\t\t\t\t\t\t\t<div class=\"elementor-container elementor-column-gap-default\">\n\t\t\t\t\t<div class=\"elementor-column elementor-col-33 elementor-top-column elementor-element elementor-element-c032a7e\" data-id=\"c032a7e\" data-element_type=\"column\">\n\t\t\t<div class=\"elementor-widget-wrap elementor-element-populated\">\n\t\t\t\t\t\t<div class=\"elementor-element elementor-element-31be819 elementor-invisible elementor-widget elementor-widget-heading\" data-id=\"31be819\" data-element_type=\"widget\" data-settings=\"{&quot;_animation&quot;:&quot;fadeInRight&quot;}\" data-widget_type=\"heading.default\">\n\t\t\t\t<div class=\"elementor-widget-container\">\n\t\t\t\t\t<h5 class=\"elementor-heading-title elementor-size-medium\"><a href=\"https:\/\/oceba.gba.gov.ar\/nueva_web\/s.php?i=10\" target=\"_blank\">Reglamento de suministro y conexi\u00f3n<\/a><\/h5>\t\t\t\t<\/div>\n\t\t\t\t<\/div>\n\t\t\t\t\t<\/div>\n\t\t<\/div>\n\t\t\t\t<div class=\"elementor-column elementor-col-33 elementor-top-column elementor-element elementor-element-1d35eb6\" data-id=\"1d35eb6\" data-element_type=\"column\">\n\t\t\t<div class=\"elementor-widget-wrap elementor-element-populated\">\n\t\t\t\t\t\t<div class=\"elementor-element elementor-element-2e73790 elementor-invisible elementor-widget elementor-widget-heading\" data-id=\"2e73790\" data-element_type=\"widget\" data-settings=\"{&quot;_animation&quot;:&quot;fadeInRight&quot;}\" data-widget_type=\"heading.default\">\n\t\t\t\t<div class=\"elementor-widget-container\">\n\t\t\t\t\t<h3 class=\"elementor-heading-title elementor-size-medium\"><a href=\"https:\/\/oceba.gba.gov.ar\/nueva_web\/s.php?i=17\" target=\"_blank\">Cuadro tarifario<\/a><\/h3>\t\t\t\t<\/div>\n\t\t\t\t<\/div>\n\t\t\t\t\t<\/div>\n\t\t<\/div>\n\t\t\t\t<div class=\"elementor-column elementor-col-33 elementor-top-column elementor-element elementor-element-7d156a1\" data-id=\"7d156a1\" data-element_type=\"column\">\n\t\t\t<div class=\"elementor-widget-wrap elementor-element-populated\">\n\t\t\t\t\t\t<div class=\"elementor-element elementor-element-fd537f6 elementor-invisible elementor-widget elementor-widget-heading\" data-id=\"fd537f6\" data-element_type=\"widget\" data-settings=\"{&quot;_animation&quot;:&quot;fadeInRight&quot;}\" data-widget_type=\"heading.default\">\n\t\t\t\t<div class=\"elementor-widget-container\">\n\t\t\t\t\t<h5 class=\"elementor-heading-title elementor-size-medium\"><a href=\"https:\/\/oceba.gba.gov.ar\/nueva_web\/s.php?i=19\" target=\"_blank\">Impuestos<\/a><\/h5>\t\t\t\t<\/div>\n\t\t\t\t<\/div>\n\t\t\t\t\t<\/div>\n\t\t<\/div>\n\t\t\t\t\t<\/div>\n\t\t<\/section>\n\t\t\t\t<section class=\"elementor-section elementor-top-section elementor-element elementor-element-6721cf2 elementor-section-boxed elementor-section-height-default elementor-section-height-default\" data-id=\"6721cf2\" data-element_type=\"section\">\n\t\t\t\t\t\t<div class=\"elementor-container elementor-column-gap-default\">\n\t\t\t\t\t<div class=\"elementor-column elementor-col-100 elementor-top-column elementor-element elementor-element-e375ce5\" data-id=\"e375ce5\" data-element_type=\"column\">\n\t\t\t<div class=\"elementor-widget-wrap elementor-element-populated\">\n\t\t\t\t\t\t<div class=\"elementor-element elementor-element-fa449ae elementor-widget-divider--view-line elementor-widget elementor-widget-divider\" data-id=\"fa449ae\" data-element_type=\"widget\" data-widget_type=\"divider.default\">\n\t\t\t\t<div class=\"elementor-widget-container\">\n\t\t\t\t\t\t\t<div class=\"elementor-divider\">\n\t\t\t<span class=\"elementor-divider-separator\">\n\t\t\t\t\t\t<\/span>\n\t\t<\/div>\n\t\t\t\t\t\t<\/div>\n\t\t\t\t<\/div>\n\t\t\t\t\t<\/div>\n\t\t<\/div>\n\t\t\t\t\t<\/div>\n\t\t<\/section>\n\t\t\t\t<section class=\"elementor-section elementor-top-section elementor-element elementor-element-6ff4afa elementor-section-boxed elementor-section-height-default elementor-section-height-default\" data-id=\"6ff4afa\" data-element_type=\"section\">\n\t\t\t\t\t\t<div class=\"elementor-container elementor-column-gap-default\">\n\t\t\t\t\t<div class=\"elementor-column elementor-col-100 elementor-top-column elementor-element elementor-element-713bbb4\" data-id=\"713bbb4\" data-element_type=\"column\">\n\t\t\t<div class=\"elementor-widget-wrap elementor-element-populated\">\n\t\t\t\t\t\t<div class=\"elementor-element elementor-element-81f6580 elementor-widget elementor-widget-heading\" data-id=\"81f6580\" data-element_type=\"widget\" data-widget_type=\"heading.default\">\n\t\t\t\t<div class=\"elementor-widget-container\">\n\t\t\t\t\t<h1 class=\"elementor-heading-title elementor-size-large\"><b>OBSERVACIONES<\/b><br>La factura abonada fuera de termino sufrir\u00e1 el recargo de los intereses punitorios vigentes seg\u00fan tasa de descuentos del Banco de la Provincia de Buenos Aires.<br>Transcurridos 20 d\u00edas se proceder\u00e1 a suspender el servicio de forma autom\u00e1tica.<br>El pago de la ultima factura no cancela deudas anteriores.<br>En caso de no recibir la factura con 4 d\u00edas de antelaci\u00f3n al vencimiento, deber\u00e1 reclamar la misma en las oficinas de la Cooperativa.<br> <br>\n<b>LEY DEFENSA DEL CONSUMIDOR N\u00ba 24.240<\/b><br>Usted tiene derecho a\nreclamar una indemnizaci\u00f3n si le facturamos sumas o conceptos indebidos o\nreclamos de pago de facturas ya abonadas.<br><br>\n<b>NOTA<\/b>\nPlazo de presentaci\u00f3n de reclamos ante COEMA Ltda. por da\u00f1os producidos a artefactos o instalaciones, derivados de fallas en la calidad del suministro es de (3) TRES DIAS HABILES contados a partir de la fecha en que se produjo dicha falla.<br><br><p style=\"margin-bottom:0cm;margin-bottom:.0001pt;line-height:\n15.6pt;mso-outline-level:1\"><span style=\"letter-spacing: 0.6px;\"><\/span><\/p><b>ENTE DE CONTROL<\/b> <br>OCEBA, Organismo de Control de Energ\u00eda El\u00e9ctrica de la Provincia de buenos Aires.<br> \n- Sede Central Calle 48 N\u00ba536 piso 3 (1900) LA PLATA.<br>\n- Centro de Atenci\u00f3n al usuario (CAU) Calle 49 N\u00ba687 (1900) LA PLATA.<br>\n- Tel\u00e9fonos 0800-333-2810 \/ L\u00ednea 148 \/ 0800-777-0148<br> \n- e-mail oceba@oceba.gba.gov.ar<br>- sitio web www.oceba.gba.gov.ar<br><\/h1>\t\t\t\t<\/div>\n\t\t\t\t<\/div>\n\t\t\t\t\t<\/div>\n\t\t<\/div>\n\t\t\t\t\t<\/div>\n\t\t<\/section>\n\t\t\t\t<\/div>\n\t\t","protected":false},"excerpt":{"rendered":"<p>Energ\u00eda el\u00e9ctrica Reglamento de suministro y conexi\u00f3n Cuadro tarifario Impuestos OBSERVACIONESLa factura abonada fuera de termino sufrir\u00e1 el recargo de los intereses punitorios vigentes seg\u00fan tasa de descuentos del Banco de la Provincia de Buenos Aires.Transcurridos 20 d\u00edas se proceder\u00e1 a suspender el servicio de forma autom\u00e1tica.El pago de la ultima factura no cancela deudas&hellip;&nbsp;<a href=\"https:\/\/coemaltda.com.ar\/index.php\/energia\/\" class=\"\" rel=\"bookmark\">Leer m\u00e1s &raquo;<span class=\"screen-reader-text\">energia<\/span><\/a><\/p>\n","protected":false},"author":1,"featured_media":0,"parent":0,"menu_order":0,"comment_status":"closed","ping_status":"closed","template":"page-templates\/template-pagebuilder-full-width.php","meta":{"footnotes":""},"class_list":["post-1771","page","type-page","status-publish","hentry"],"_links":{"self":[{"href":"https:\/\/coemaltda.com.ar\/index.php\/wp-json\/wp\/v2\/pages\/1771","targetHints":{"allow":["GET"]}}],"collection":[{"href":"https:\/\/coemaltda.com.ar\/index.php\/wp-json\/wp\/v2\/pages"}],"about":[{"href":"https:\/\/coemaltda.com.ar\/index.php\/wp-json\/wp\/v2\/types\/page"}],"author":[{"embeddable":true,"href":"https:\/\/coemaltda.com.ar\/index.php\/wp-json\/wp\/v2\/users\/1"}],"replies":[{"embeddable":true,"href":"https:\/\/coemaltda.com.ar\/index.php\/wp-json\/wp\/v2\/comments?post=1771"}],"version-history":[{"count":78,"href":"https:\/\/coemaltda.com.ar\/index.php\/wp-json\/wp\/v2\/pages\/1771\/revisions"}],"predecessor-version":[{"id":2833,"href":"https:\/\/coemaltda.com.ar\/index.php\/wp-json\/wp\/v2\/pages\/1771\/revisions\/2833"}],"wp:attachment":[{"href":"https:\/\/coemaltda.com.ar\/index.php\/wp-json\/wp\/v2\/media?parent=1771"}],"curies":[{"name":"wp","href":"https:\/\/api.w.org\/{rel}","templated":true}]}}